{"id":8221,"date":"2015-12-03T23:30:13","date_gmt":"2015-12-03T23:30:13","guid":{"rendered":"https:\/\/studiomedicobiancardi.com\/trattamenti-di-gruppo\/"},"modified":"2021-06-18T15:26:45","modified_gmt":"2021-06-18T15:26:45","slug":"group-activities","status":"publish","type":"page","link":"https:\/\/studiomedicobiancardi.com\/en\/services\/group-activities\/","title":{"rendered":"Group Activities"},"content":{"rendered":"<div id=\"pl-8221\"  class=\"panel-layout\" ><div id=\"pg-8221-0\"  class=\"panel-grid panel-no-style\" ><div id=\"pgc-8221-0-0\"  class=\"panel-grid-cell\" ><div id=\"panel-8221-0-0-0\" class=\"so-panel widget widget_sow-editor panel-first-child panel-last-child\" data-index=\"0\" ><div\n\t\t\t\n\t\t\tclass=\"so-widget-sow-editor so-widget-sow-editor-base\"\n\t\t\t\n\t\t>\n<div class=\"siteorigin-widget-tinymce textwidget\">\n\t<p>A wide range of exercises to maintain muscle tone and maintain the body's natural elasticity. To return to carrying out everyday activities without problems and effortlessly.<\/p>\n<\/div>\n<\/div><\/div><\/div><\/div><div id=\"pg-8221-1\"  class=\"panel-grid panel-no-style\" ><div id=\"pgc-8221-1-0\"  class=\"panel-grid-cell\" ><div id=\"panel-8221-1-0-0\" class=\"so-panel widget widget_sow-editor panel-first-child\" data-index=\"1\" ><div\n\t\t\t\n\t\t\tclass=\"so-widget-sow-editor so-widget-sow-editor-base\"\n\t\t\t\n\t\t>\n<div class=\"siteorigin-widget-tinymce textwidget\">\n\t<p><a href=\"http:\/\/export-xml.qreativethemes.com\/physio\/wp-content\/uploads\/sites\/3\/2015\/11\/850x567.png\" rel=\"attachment wp-att-6259\"><img loading=\"lazy\" decoding=\"async\" class=\"alignnone size-full wp-image-8184\" src=\"https:\/\/studiomedicobiancardi.com\/wp-content\/uploads\/2019\/06\/Pancafit-1.jpg\" alt=\"\" width=\"850\" height=\"567\" srcset=\"https:\/\/studiomedicobiancardi.com\/wp-content\/uploads\/2019\/06\/Pancafit-1.jpg 850w, https:\/\/studiomedicobiancardi.com\/wp-content\/uploads\/2019\/06\/Pancafit-1-300x200.jpg 300w, https:\/\/studiomedicobiancardi.com\/wp-content\/uploads\/2019\/06\/Pancafit-1-768x512.jpg 768w, https:\/\/studiomedicobiancardi.com\/wp-content\/uploads\/2019\/06\/Pancafit-1-360x240.jpg 360w, https:\/\/studiomedicobiancardi.com\/wp-content\/uploads\/2019\/06\/Pancafit-1-272x182.jpg 272w\" sizes=\"(max-width: 850px) 100vw, 850px\" \/><\/a><\/p>\n<\/div>\n<\/div><\/div><div id=\"panel-8221-1-0-1\" class=\"so-panel widget widget_sow-editor panel-last-child\" data-index=\"2\" ><div\n\t\t\t\n\t\t\tclass=\"so-widget-sow-editor so-widget-sow-editor-base\"\n\t\t\t\n\t\t>\n<div class=\"siteorigin-widget-tinymce textwidget\">\n\t<p><a href=\"http:\/\/export-xml.qreativethemes.com\/physio\/wp-content\/uploads\/sites\/3\/2015\/11\/850x567.png\" rel=\"attachment wp-att-6989\"><img loading=\"lazy\" decoding=\"async\" class=\"alignnone size-full wp-image-8162\" src=\"https:\/\/studiomedicobiancardi.com\/wp-content\/uploads\/2019\/03\/physio_14.jpg\" alt=\"\" width=\"850\" height=\"567\" srcset=\"https:\/\/studiomedicobiancardi.com\/wp-content\/uploads\/2019\/03\/physio_14.jpg 850w, https:\/\/studiomedicobiancardi.com\/wp-content\/uploads\/2019\/03\/physio_14-300x200.jpg 300w, https:\/\/studiomedicobiancardi.com\/wp-content\/uploads\/2019\/03\/physio_14-768x512.jpg 768w, https:\/\/studiomedicobiancardi.com\/wp-content\/uploads\/2019\/03\/physio_14-360x240.jpg 360w, https:\/\/studiomedicobiancardi.com\/wp-content\/uploads\/2019\/03\/physio_14-272x182.jpg 272w\" sizes=\"(max-width: 850px) 100vw, 850px\" \/><\/a><\/p>\n<\/div>\n<\/div><\/div><\/div><div id=\"pgc-8221-1-1\"  class=\"panel-grid-cell\" ><div id=\"panel-8221-1-1-0\" class=\"so-panel widget widget_sow-editor panel-first-child\" data-index=\"3\" ><div\n\t\t\t\n\t\t\tclass=\"so-widget-sow-editor so-widget-sow-editor-base\"\n\t\t\t\n\t\t>\n<div class=\"siteorigin-widget-tinymce textwidget\">\n\t<p><span style=\"color: #56afd5; font-size: 15px;\"><strong><a name=\"pancafit\"><\/a>GINNASTICA POSTURALE PANCAFIT \u00ae<\/strong><\/span><\/p>\n<p style=\"text-align: justify;\">It is a treatment to rebalance the posture easily and in a short time, intervening on the totality of the muscle chains. It is able to restore freedom and well-being to the whole body through the so called de-compensated muscle lengthening. It is a particular stretching performed in correct posture, so without allowing \"compensation\", i.e. those unwilling mechanisms that the body puts in place to avoid pain and discomfort. This treatment also includes breathing techniques, to act on the diaphragm. The course program includes a beginner level and an expert one.<\/p>\n<\/div>\n<\/div><\/div><div id=\"panel-8221-1-1-1\" class=\"so-panel widget widget_sow-editor panel-last-child\" data-index=\"4\" ><div\n\t\t\t\n\t\t\tclass=\"so-widget-sow-editor so-widget-sow-editor-base\"\n\t\t\t\n\t\t>\n<div class=\"siteorigin-widget-tinymce textwidget\">\n\t<p><span style=\"color: #56afd5; font-size: 15px;\"><strong><a name=\"rieducazione-motoria\"><\/a>TOTAL BODY EXERCISES<\/strong><\/span><\/p>\n<p style=\"text-align: justify;\">It is a kind of medical gymnastics designed to maintain an optimal state of health in healthy people and to improve the conditions of patients suffering from problems such as arthrosis and a sedentary lifestyle. It involves techniques like stretching and muscle strengthening, associated with breathing exercises. It brings numerous benefits, such as toning the body, correcting incorrect postures and greater muscle flexibility. <\/p>\n<\/div>\n<\/div><\/div><\/div><\/div><\/div>","protected":false},"excerpt":{"rendered":"<p>A wide range of exercises to maintain muscle tone and maintain the body&#8217;s natural elasticity. To return to play &#8230;<\/p>\n","protected":false},"author":1,"featured_media":8199,"parent":8274,"menu_order":0,"comment_status":"closed","ping_status":"closed","template":"","meta":{"footnotes":""},"yoast_head":"<!-- This site is optimized with the Yoast SEO plugin v21.7 - https:\/\/yoast.com\/wordpress\/plugins\/seo\/ -->\n<title>Fisioterapia Verona | Miglioramento tono muscolare ed elasticit\u00e0 del corpo<\/title>\n<meta name=\"description\" content=\"Esercizi di movimento per conservare il tono muscolare e mantenere la naturale elasticit\u00e0 del corpo. Per tornare a svolgere senza problemi e senza fatica le attivit\u00e0 di tutti i giorni.\" \/>\n<meta name=\"robots\" content=\"index, follow, max-snippet:-1, max-image-preview:large, max-video-preview:-1\" \/>\n<link rel=\"canonical\" href=\"https:\/\/studiomedicobiancardi.com\/en\/services\/group-activities\/\" \/>\n<meta property=\"og:locale\" content=\"en_US\" \/>\n<meta property=\"og:type\" content=\"article\" \/>\n<meta property=\"og:title\" content=\"Fisioterapia Verona | Miglioramento tono muscolare ed elasticit\u00e0 del corpo\" \/>\n<meta property=\"og:description\" content=\"Esercizi di movimento per conservare il tono muscolare e mantenere la naturale elasticit\u00e0 del corpo. Per tornare a svolgere senza problemi e senza fatica le attivit\u00e0 di tutti i giorni.\" \/>\n<meta property=\"og:url\" content=\"https:\/\/studiomedicobiancardi.com\/en\/services\/group-activities\/\" \/>\n<meta property=\"og:site_name\" content=\"Studio Medico Biancardi\" \/>\n<meta property=\"article:modified_time\" content=\"2021-06-18T15:26:45+00:00\" \/>\n<meta property=\"og:image\" content=\"https:\/\/studiomedicobiancardi.com\/wp-content\/uploads\/2020\/01\/IMG_1425.jpg\" \/>\n\t<meta property=\"og:image:width\" content=\"2000\" \/>\n\t<meta property=\"og:image:height\" content=\"1333\" \/>\n\t<meta property=\"og:image:type\" content=\"image\/jpeg\" \/>\n<meta name=\"twitter:card\" content=\"summary_large_image\" \/>\n<meta name=\"twitter:label1\" content=\"Est. reading time\" \/>\n\t<meta name=\"twitter:data1\" content=\"1 minute\" \/>\n<script type=\"application\/ld+json\" class=\"yoast-schema-graph\">{\"@context\":\"https:\/\/schema.org\",\"@graph\":[{\"@type\":\"WebPage\",\"@id\":\"https:\/\/studiomedicobiancardi.com\/en\/services\/group-activities\/\",\"url\":\"https:\/\/studiomedicobiancardi.com\/en\/services\/group-activities\/\",\"name\":\"Fisioterapia Verona | Miglioramento tono muscolare ed elasticit\u00e0 del corpo\",\"isPartOf\":{\"@id\":\"https:\/\/studiomedicobiancardi.com\/en\/#website\"},\"datePublished\":\"2015-12-03T23:30:13+00:00\",\"dateModified\":\"2021-06-18T15:26:45+00:00\",\"description\":\"Esercizi di movimento per conservare il tono muscolare e mantenere la naturale elasticit\u00e0 del corpo. Per tornare a svolgere senza problemi e senza fatica le attivit\u00e0 di tutti i giorni.\",\"breadcrumb\":{\"@id\":\"https:\/\/studiomedicobiancardi.com\/en\/services\/group-activities\/#breadcrumb\"},\"inLanguage\":\"en-US\",\"potentialAction\":[{\"@type\":\"ReadAction\",\"target\":[\"https:\/\/studiomedicobiancardi.com\/en\/services\/group-activities\/\"]}]},{\"@type\":\"BreadcrumbList\",\"@id\":\"https:\/\/studiomedicobiancardi.com\/en\/services\/group-activities\/#breadcrumb\",\"itemListElement\":[{\"@type\":\"ListItem\",\"position\":1,\"name\":\"Home\",\"item\":\"https:\/\/studiomedicobiancardi.com\/en\/\"},{\"@type\":\"ListItem\",\"position\":2,\"name\":\"Services\",\"item\":\"https:\/\/studiomedicobiancardi.com\/en\/services\/\"},{\"@type\":\"ListItem\",\"position\":3,\"name\":\"Group Activities\"}]},{\"@type\":\"WebSite\",\"@id\":\"https:\/\/studiomedicobiancardi.com\/en\/#website\",\"url\":\"https:\/\/studiomedicobiancardi.com\/en\/\",\"name\":\"Studio Medico Biancardi\",\"description\":\"Trattamenti di fisioterapia\",\"potentialAction\":[{\"@type\":\"SearchAction\",\"target\":{\"@type\":\"EntryPoint\",\"urlTemplate\":\"https:\/\/studiomedicobiancardi.com\/en\/?s={search_term_string}\"},\"query-input\":\"required name=search_term_string\"}],\"inLanguage\":\"en-US\"}]}<\/script>\n<!-- \/ Yoast SEO plugin. -->","yoast_head_json":{"title":"Fisioterapia Verona | Miglioramento tono muscolare ed elasticit\u00e0 del corpo","description":"Esercizi di movimento per conservare il tono muscolare e mantenere la naturale elasticit\u00e0 del corpo. Per tornare a svolgere senza problemi e senza fatica le attivit\u00e0 di tutti i giorni.","robots":{"index":"index","follow":"follow","max-snippet":"max-snippet:-1","max-image-preview":"max-image-preview:large","max-video-preview":"max-video-preview:-1"},"canonical":"https:\/\/studiomedicobiancardi.com\/en\/services\/group-activities\/","og_locale":"en_US","og_type":"article","og_title":"Fisioterapia Verona | Miglioramento tono muscolare ed elasticit\u00e0 del corpo","og_description":"Esercizi di movimento per conservare il tono muscolare e mantenere la naturale elasticit\u00e0 del corpo. Per tornare a svolgere senza problemi e senza fatica le attivit\u00e0 di tutti i giorni.","og_url":"https:\/\/studiomedicobiancardi.com\/en\/services\/group-activities\/","og_site_name":"Studio Medico Biancardi","article_modified_time":"2021-06-18T15:26:45+00:00","og_image":[{"width":2000,"height":1333,"url":"https:\/\/studiomedicobiancardi.com\/wp-content\/uploads\/2020\/01\/IMG_1425.jpg","type":"image\/jpeg"}],"twitter_card":"summary_large_image","twitter_misc":{"Est. reading time":"1 minute"},"schema":{"@context":"https:\/\/schema.org","@graph":[{"@type":"WebPage","@id":"https:\/\/studiomedicobiancardi.com\/en\/services\/group-activities\/","url":"https:\/\/studiomedicobiancardi.com\/en\/services\/group-activities\/","name":"Fisioterapia Verona | Miglioramento tono muscolare ed elasticit\u00e0 del corpo","isPartOf":{"@id":"https:\/\/studiomedicobiancardi.com\/en\/#website"},"datePublished":"2015-12-03T23:30:13+00:00","dateModified":"2021-06-18T15:26:45+00:00","description":"Esercizi di movimento per conservare il tono muscolare e mantenere la naturale elasticit\u00e0 del corpo. Per tornare a svolgere senza problemi e senza fatica le attivit\u00e0 di tutti i giorni.","breadcrumb":{"@id":"https:\/\/studiomedicobiancardi.com\/en\/services\/group-activities\/#breadcrumb"},"inLanguage":"en-US","potentialAction":[{"@type":"ReadAction","target":["https:\/\/studiomedicobiancardi.com\/en\/services\/group-activities\/"]}]},{"@type":"BreadcrumbList","@id":"https:\/\/studiomedicobiancardi.com\/en\/services\/group-activities\/#breadcrumb","itemListElement":[{"@type":"ListItem","position":1,"name":"Home","item":"https:\/\/studiomedicobiancardi.com\/en\/"},{"@type":"ListItem","position":2,"name":"Services","item":"https:\/\/studiomedicobiancardi.com\/en\/services\/"},{"@type":"ListItem","position":3,"name":"Group Activities"}]},{"@type":"WebSite","@id":"https:\/\/studiomedicobiancardi.com\/en\/#website","url":"https:\/\/studiomedicobiancardi.com\/en\/","name":"Studio Medico Biancardi","description":"Trattamenti di fisioterapia","potentialAction":[{"@type":"SearchAction","target":{"@type":"EntryPoint","urlTemplate":"https:\/\/studiomedicobiancardi.com\/en\/?s={search_term_string}"},"query-input":"required name=search_term_string"}],"inLanguage":"en-US"}]}},"_links":{"self":[{"href":"https:\/\/studiomedicobiancardi.com\/en\/wp-json\/wp\/v2\/pages\/8221"}],"collection":[{"href":"https:\/\/studiomedicobiancardi.com\/en\/wp-json\/wp\/v2\/pages"}],"about":[{"href":"https:\/\/studiomedicobiancardi.com\/en\/wp-json\/wp\/v2\/types\/page"}],"author":[{"embeddable":true,"href":"https:\/\/studiomedicobiancardi.com\/en\/wp-json\/wp\/v2\/users\/1"}],"replies":[{"embeddable":true,"href":"https:\/\/studiomedicobiancardi.com\/en\/wp-json\/wp\/v2\/comments?post=8221"}],"version-history":[{"count":5,"href":"https:\/\/studiomedicobiancardi.com\/en\/wp-json\/wp\/v2\/pages\/8221\/revisions"}],"predecessor-version":[{"id":8341,"href":"https:\/\/studiomedicobiancardi.com\/en\/wp-json\/wp\/v2\/pages\/8221\/revisions\/8341"}],"up":[{"embeddable":true,"href":"https:\/\/studiomedicobiancardi.com\/en\/wp-json\/wp\/v2\/pages\/8274"}],"wp:featuredmedia":[{"embeddable":true,"href":"https:\/\/studiomedicobiancardi.com\/en\/wp-json\/wp\/v2\/media\/8199"}],"wp:attachment":[{"href":"https:\/\/studiomedicobiancardi.com\/en\/wp-json\/wp\/v2\/media?parent=8221"}],"curies":[{"name":"wp","href":"https:\/\/api.w.org\/{rel}","templated":true}]}}