{"id":307,"date":"2015-12-03T23:30:13","date_gmt":"2015-12-03T23:30:13","guid":{"rendered":"http:\/\/export-xml.qreativethemes.com\/physio\/?page_id=307"},"modified":"2023-12-28T10:04:49","modified_gmt":"2023-12-28T09:04:49","slug":"trattamenti-di-gruppo","status":"publish","type":"page","link":"https:\/\/studiomedicobiancardi.com\/it\/servizi\/trattamenti-di-gruppo\/","title":{"rendered":"Trattamenti di gruppo"},"content":{"rendered":"<div id=\"pl-307\"  class=\"panel-layout\" ><div id=\"pg-307-0\"  class=\"panel-grid panel-no-style\" ><div id=\"pgc-307-0-0\"  class=\"panel-grid-cell\" ><div id=\"panel-307-0-0-0\" class=\"so-panel widget widget_text panel-first-child panel-last-child\" data-index=\"0\" >\t\t\t<div class=\"textwidget\"><div style=\"font-size: 22px;\">Una vasta gamma di esercizi per conservare il tono muscolare e mantenere la naturale elasticit\u00e0 del corpo. Per tornare a svolgere senza problemi e senza fatica le attivit\u00e0 di tutti i giorni.<\/div>\n<\/div>\n\t\t<\/div><\/div><\/div><div id=\"pg-307-1\"  class=\"panel-grid panel-no-style\" ><div id=\"pgc-307-1-0\"  class=\"panel-grid-cell\" ><div id=\"panel-307-1-0-0\" class=\"so-panel widget widget_sow-editor panel-first-child\" data-index=\"1\" ><div\n\t\t\t\n\t\t\tclass=\"so-widget-sow-editor so-widget-sow-editor-base\"\n\t\t\t\n\t\t>\n<div class=\"siteorigin-widget-tinymce textwidget\">\n\t<p><a href=\"http:\/\/export-xml.qreativethemes.com\/physio\/wp-content\/uploads\/sites\/3\/2015\/11\/850x567.png\" rel=\"attachment wp-att-6259\"><img loading=\"lazy\" decoding=\"async\" class=\"alignnone size-full wp-image-7894\" src=\"https:\/\/studiomedicobiancardi.com\/wp-content\/uploads\/2019\/06\/Pancafit-1.jpg\" alt=\"\" width=\"850\" height=\"567\" srcset=\"https:\/\/studiomedicobiancardi.com\/wp-content\/uploads\/2019\/06\/Pancafit-1.jpg 850w, https:\/\/studiomedicobiancardi.com\/wp-content\/uploads\/2019\/06\/Pancafit-1-300x200.jpg 300w, https:\/\/studiomedicobiancardi.com\/wp-content\/uploads\/2019\/06\/Pancafit-1-768x512.jpg 768w, https:\/\/studiomedicobiancardi.com\/wp-content\/uploads\/2019\/06\/Pancafit-1-360x240.jpg 360w, https:\/\/studiomedicobiancardi.com\/wp-content\/uploads\/2019\/06\/Pancafit-1-272x182.jpg 272w\" sizes=\"(max-width: 850px) 100vw, 850px\" \/><\/a><\/p>\n<\/div>\n<\/div><\/div><div id=\"panel-307-1-0-1\" class=\"so-panel widget widget_sow-editor panel-last-child\" data-index=\"2\" ><div\n\t\t\t\n\t\t\tclass=\"so-widget-sow-editor so-widget-sow-editor-base\"\n\t\t\t\n\t\t>\n<div class=\"siteorigin-widget-tinymce textwidget\">\n\t<p><a href=\"http:\/\/export-xml.qreativethemes.com\/physio\/wp-content\/uploads\/sites\/3\/2015\/11\/850x567.png\" rel=\"attachment wp-att-6989\"><img loading=\"lazy\" decoding=\"async\" class=\"alignnone size-full wp-image-7635\" src=\"https:\/\/studiomedicobiancardi.com\/wp-content\/uploads\/2019\/03\/physio_14.jpg\" alt=\"\" width=\"850\" height=\"567\" srcset=\"https:\/\/studiomedicobiancardi.com\/wp-content\/uploads\/2019\/03\/physio_14.jpg 850w, https:\/\/studiomedicobiancardi.com\/wp-content\/uploads\/2019\/03\/physio_14-300x200.jpg 300w, https:\/\/studiomedicobiancardi.com\/wp-content\/uploads\/2019\/03\/physio_14-768x512.jpg 768w, https:\/\/studiomedicobiancardi.com\/wp-content\/uploads\/2019\/03\/physio_14-360x240.jpg 360w, https:\/\/studiomedicobiancardi.com\/wp-content\/uploads\/2019\/03\/physio_14-272x182.jpg 272w\" sizes=\"(max-width: 850px) 100vw, 850px\" \/><\/a><\/p>\n<\/div>\n<\/div><\/div><\/div><div id=\"pgc-307-1-1\"  class=\"panel-grid-cell\" ><div id=\"panel-307-1-1-0\" class=\"so-panel widget widget_sow-editor panel-first-child\" data-index=\"3\" ><div\n\t\t\t\n\t\t\tclass=\"so-widget-sow-editor so-widget-sow-editor-base\"\n\t\t\t\n\t\t>\n<div class=\"siteorigin-widget-tinymce textwidget\">\n\t<p><span style=\"color: #56afd5; font-size: 15px;\"><strong><a name=\"pancafit\"><\/a>GINNASTICA POSTURALE PANCAFIT \u00ae<\/strong><\/span><\/p>\n<p style=\"text-align: justify;\">\u00c8 un trattamento in grado di riequilibrare la postura con semplicit\u00e0 ed in tempi brevi, intervenendo sulla totalit\u00e0 delle catene muscolari. E\u2019 in grado di ridare libert\u00e0 e benessere a tutto il corpo attraverso il cosiddetto allungamento muscolare decompensato. Si tratta di un particolare stretching fatto in <strong>postura corretta<\/strong> e senza permettere \u201ccompensi\u201d, cio\u00e8 quei meccanismi involontari che il corpo mette in atto per sfuggire alle tensioni, ai dolori o ai semplici disagi. Il trattamento prevede anche tecniche respiratorie, per agire sul diaframma. Il programma del corso prevede una fase introduttiva e una fase avanzata.<\/p>\n<\/div>\n<\/div><\/div><div id=\"panel-307-1-1-1\" class=\"so-panel widget widget_sow-editor panel-last-child\" data-index=\"4\" ><div\n\t\t\t\n\t\t\tclass=\"so-widget-sow-editor so-widget-sow-editor-base\"\n\t\t\t\n\t\t>\n<div class=\"siteorigin-widget-tinymce textwidget\">\n\t<p><span style=\"color: #56afd5; font-size: 15px;\"><strong><a name=\"rieducazione-motoria\"><\/a>RIEDUCAZIONE MOTORIA DI GRUPPO<\/strong><\/span><\/p>\n<p style=\"text-align: justify;\">\u00c8 un tipo di ginnastica medica atta a mantenere uno stato di salute ottimale nelle persone sane e per migliorare le condizioni dei pazienti affetti da problemi quali artrosi e sedentariet\u00e0. Vede l\u2019impiego di tecniche di allungamento, distensione e rinforzo muscolare, associate a esercizi respiratori. Apporta numerosi benefici, quali tonificazione del corpo, correzione di posture scorrette e una maggiore flessibilit\u00e0 muscolare. Gli effetti positivi riguardano anche l\u2019apparato cardio-circolatorio, linfatico e digerente.<\/p>\n<\/div>\n<\/div><\/div><\/div><\/div><div id=\"pg-307-2\"  class=\"panel-grid panel-no-style\" ><div id=\"pgc-307-2-0\"  class=\"panel-grid-cell\" ><div id=\"panel-307-2-0-0\" class=\"so-panel widget widget_sow-editor panel-first-child panel-last-child\" data-index=\"5\" ><div\n\t\t\t\n\t\t\tclass=\"so-widget-sow-editor so-widget-sow-editor-base\"\n\t\t\t\n\t\t>\n<div class=\"siteorigin-widget-tinymce textwidget\">\n\t<p><img loading=\"lazy\" decoding=\"async\" class=\"alignnone size-full wp-image-8416\" src=\"https:\/\/studiomedicobiancardi.com\/wp-content\/uploads\/2023\/09\/pilates.jpg\" alt=\"\" width=\"1430\" height=\"954\" srcset=\"https:\/\/studiomedicobiancardi.com\/wp-content\/uploads\/2023\/09\/pilates.jpg 1430w, https:\/\/studiomedicobiancardi.com\/wp-content\/uploads\/2023\/09\/pilates-300x200.jpg 300w, https:\/\/studiomedicobiancardi.com\/wp-content\/uploads\/2023\/09\/pilates-1024x683.jpg 1024w, https:\/\/studiomedicobiancardi.com\/wp-content\/uploads\/2023\/09\/pilates-768x512.jpg 768w, https:\/\/studiomedicobiancardi.com\/wp-content\/uploads\/2023\/09\/pilates-360x240.jpg 360w, https:\/\/studiomedicobiancardi.com\/wp-content\/uploads\/2023\/09\/pilates-850x567.jpg 850w, https:\/\/studiomedicobiancardi.com\/wp-content\/uploads\/2023\/09\/pilates-272x182.jpg 272w\" sizes=\"(max-width: 1430px) 100vw, 1430px\" \/><\/p>\n<\/div>\n<\/div><\/div><\/div><div id=\"pgc-307-2-1\"  class=\"panel-grid-cell\" ><div id=\"panel-307-2-1-0\" class=\"so-panel widget widget_sow-editor panel-first-child panel-last-child\" data-index=\"6\" ><div\n\t\t\t\n\t\t\tclass=\"so-widget-sow-editor so-widget-sow-editor-base\"\n\t\t\t\n\t\t>\n<div class=\"siteorigin-widget-tinymce textwidget\">\n\t<p><span style=\"color: #56afd5; font-size: 15px;\"><strong><a name=\"pilates\"><\/a>PILATES FISIOTERAPICO<\/strong><\/span><\/p>\n<p>\u00c8 una metodica riabilitativa costituita da esercizi volti a\u00a0incrementare la flessibilit\u00e0 e la forza della muscolatura della zona centrale del corpo. L\u2019attivit\u00e0 si focalizza su respirazione profonda, coordinazione motoria, allungamento e rinforzo muscolare. I benefici sono molteplici: una maggiore energia, diminuzione del dolore, miglioramento della postura e delle funzioni biomeccaniche, aumentato senso di benessere.<br \/>\n\u00c8 indicato per pazienti con problematiche ortopediche e neurologiche in fase sub-acuta o cronica, idonei a svolgere esercizi con tutti i distretti corporei.<\/p>\n<\/div>\n<\/div><\/div><\/div><\/div><div id=\"pg-307-3\"  class=\"panel-grid panel-no-style\" ><div id=\"pgc-307-3-0\"  class=\"panel-grid-cell\" ><div id=\"panel-307-3-0-0\" class=\"so-panel widget widget_sow-editor panel-first-child panel-last-child\" data-index=\"7\" ><div\n\t\t\t\n\t\t\tclass=\"so-widget-sow-editor so-widget-sow-editor-base\"\n\t\t\t\n\t\t>\n<div class=\"siteorigin-widget-tinymce textwidget\">\n\t<p><img loading=\"lazy\" decoding=\"async\" class=\"alignnone size-full wp-image-8418\" src=\"https:\/\/studiomedicobiancardi.com\/wp-content\/uploads\/2023\/09\/yoga.jpg\" alt=\"\" width=\"1280\" height=\"853\" srcset=\"https:\/\/studiomedicobiancardi.com\/wp-content\/uploads\/2023\/09\/yoga.jpg 1280w, https:\/\/studiomedicobiancardi.com\/wp-content\/uploads\/2023\/09\/yoga-300x200.jpg 300w, https:\/\/studiomedicobiancardi.com\/wp-content\/uploads\/2023\/09\/yoga-1024x682.jpg 1024w, https:\/\/studiomedicobiancardi.com\/wp-content\/uploads\/2023\/09\/yoga-768x512.jpg 768w, https:\/\/studiomedicobiancardi.com\/wp-content\/uploads\/2023\/09\/yoga-360x240.jpg 360w, https:\/\/studiomedicobiancardi.com\/wp-content\/uploads\/2023\/09\/yoga-850x567.jpg 850w, https:\/\/studiomedicobiancardi.com\/wp-content\/uploads\/2023\/09\/yoga-272x182.jpg 272w\" sizes=\"(max-width: 1280px) 100vw, 1280px\" \/><\/p>\n<\/div>\n<\/div><\/div><\/div><div id=\"pgc-307-3-1\"  class=\"panel-grid-cell\" ><div id=\"panel-307-3-1-0\" class=\"so-panel widget widget_sow-editor panel-first-child panel-last-child\" data-index=\"8\" ><div\n\t\t\t\n\t\t\tclass=\"so-widget-sow-editor so-widget-sow-editor-base\"\n\t\t\t\n\t\t>\n<div class=\"siteorigin-widget-tinymce textwidget\">\n\t<p><span style=\"color: #56afd5; font-size: 15px;\"><strong><a name=\"yoga\"><\/a>YOGA TERAPEUTICO<\/strong><\/span><\/p>\n<p>L'utilizzo dello yoga come strumento terapeutico trova diverse applicazioni sia nel recupero post traumatico e post chirurgico, sia nelle patologie croniche. Questo corso prende spunto dalle posizioni di yoga ed \u00e8 un tipo di trattamento all'interno del quale il paziente \u00e8 messo al centro del programma riabilitativo con maggiore consapevolezza del motivo per cui svolge un esercizio e del suo effetto terapeutico. I principali obiettivi sono maggiore consapevolezza del proprio corpo, miglioramento della concentrazione e dell'equilibrio, aumento della flessibilit\u00e0 e della tolleranza allo sforzo, aumento di resistenza e forza muscolare.<\/p>\n<\/div>\n<\/div><\/div><\/div><\/div><\/div>","protected":false},"excerpt":{"rendered":"<p>Una vasta gamma di esercizi per conservare il tono muscolare e mantenere la naturale elasticit\u00e0 del corpo. Per tornare a svolgere&#8230;<\/p>\n","protected":false},"author":1,"featured_media":8072,"parent":110,"menu_order":0,"comment_status":"closed","ping_status":"closed","template":"","meta":{"footnotes":""},"yoast_head":"<!-- This site is optimized with the Yoast SEO plugin v21.7 - https:\/\/yoast.com\/wordpress\/plugins\/seo\/ -->\n<title>Fisioterapia Verona | Miglioramento tono muscolare ed elasticit\u00e0 del corpo<\/title>\n<meta name=\"description\" content=\"Esercizi di movimento per conservare il tono muscolare e mantenere la naturale elasticit\u00e0 del corpo. Per tornare a svolgere senza problemi e senza fatica le attivit\u00e0 di tutti i giorni.\" \/>\n<meta name=\"robots\" content=\"index, follow, max-snippet:-1, max-image-preview:large, max-video-preview:-1\" \/>\n<link rel=\"canonical\" href=\"https:\/\/studiomedicobiancardi.com\/it\/servizi\/trattamenti-di-gruppo\/\" \/>\n<meta property=\"og:locale\" content=\"it_IT\" \/>\n<meta property=\"og:type\" content=\"article\" \/>\n<meta property=\"og:title\" content=\"Fisioterapia Verona | Miglioramento tono muscolare ed elasticit\u00e0 del corpo\" \/>\n<meta property=\"og:description\" content=\"Esercizi di movimento per conservare il tono muscolare e mantenere la naturale elasticit\u00e0 del corpo. Per tornare a svolgere senza problemi e senza fatica le attivit\u00e0 di tutti i giorni.\" \/>\n<meta property=\"og:url\" content=\"https:\/\/studiomedicobiancardi.com\/it\/servizi\/trattamenti-di-gruppo\/\" \/>\n<meta property=\"og:site_name\" content=\"Studio Medico Biancardi\" \/>\n<meta property=\"article:modified_time\" content=\"2023-12-28T09:04:49+00:00\" \/>\n<meta property=\"og:image\" content=\"https:\/\/studiomedicobiancardi.com\/wp-content\/uploads\/2020\/01\/IMG_1425.jpg\" \/>\n\t<meta property=\"og:image:width\" content=\"2000\" \/>\n\t<meta property=\"og:image:height\" content=\"1333\" \/>\n\t<meta property=\"og:image:type\" content=\"image\/jpeg\" \/>\n<meta name=\"twitter:card\" content=\"summary_large_image\" \/>\n<meta name=\"twitter:label1\" content=\"Tempo di lettura stimato\" \/>\n\t<meta name=\"twitter:data1\" content=\"4 minuti\" \/>\n<script type=\"application\/ld+json\" class=\"yoast-schema-graph\">{\"@context\":\"https:\/\/schema.org\",\"@graph\":[{\"@type\":\"WebPage\",\"@id\":\"https:\/\/studiomedicobiancardi.com\/it\/servizi\/trattamenti-di-gruppo\/\",\"url\":\"https:\/\/studiomedicobiancardi.com\/it\/servizi\/trattamenti-di-gruppo\/\",\"name\":\"Fisioterapia Verona | Miglioramento tono muscolare ed elasticit\u00e0 del corpo\",\"isPartOf\":{\"@id\":\"https:\/\/studiomedicobiancardi.com\/it\/#website\"},\"datePublished\":\"2015-12-03T23:30:13+00:00\",\"dateModified\":\"2023-12-28T09:04:49+00:00\",\"description\":\"Esercizi di movimento per conservare il tono muscolare e mantenere la naturale elasticit\u00e0 del corpo. Per tornare a svolgere senza problemi e senza fatica le attivit\u00e0 di tutti i giorni.\",\"breadcrumb\":{\"@id\":\"https:\/\/studiomedicobiancardi.com\/it\/servizi\/trattamenti-di-gruppo\/#breadcrumb\"},\"inLanguage\":\"it-IT\",\"potentialAction\":[{\"@type\":\"ReadAction\",\"target\":[\"https:\/\/studiomedicobiancardi.com\/it\/servizi\/trattamenti-di-gruppo\/\"]}]},{\"@type\":\"BreadcrumbList\",\"@id\":\"https:\/\/studiomedicobiancardi.com\/it\/servizi\/trattamenti-di-gruppo\/#breadcrumb\",\"itemListElement\":[{\"@type\":\"ListItem\",\"position\":1,\"name\":\"Home\",\"item\":\"https:\/\/studiomedicobiancardi.com\/it\/\"},{\"@type\":\"ListItem\",\"position\":2,\"name\":\"Servizi\",\"item\":\"https:\/\/studiomedicobiancardi.com\/it\/servizi\/\"},{\"@type\":\"ListItem\",\"position\":3,\"name\":\"Trattamenti di gruppo\"}]},{\"@type\":\"WebSite\",\"@id\":\"https:\/\/studiomedicobiancardi.com\/it\/#website\",\"url\":\"https:\/\/studiomedicobiancardi.com\/it\/\",\"name\":\"Studio Medico Biancardi\",\"description\":\"Trattamenti di fisioterapia\",\"potentialAction\":[{\"@type\":\"SearchAction\",\"target\":{\"@type\":\"EntryPoint\",\"urlTemplate\":\"https:\/\/studiomedicobiancardi.com\/it\/?s={search_term_string}\"},\"query-input\":\"required name=search_term_string\"}],\"inLanguage\":\"it-IT\"}]}<\/script>\n<!-- \/ Yoast SEO plugin. -->","yoast_head_json":{"title":"Fisioterapia Verona | Miglioramento tono muscolare ed elasticit\u00e0 del corpo","description":"Esercizi di movimento per conservare il tono muscolare e mantenere la naturale elasticit\u00e0 del corpo. Per tornare a svolgere senza problemi e senza fatica le attivit\u00e0 di tutti i giorni.","robots":{"index":"index","follow":"follow","max-snippet":"max-snippet:-1","max-image-preview":"max-image-preview:large","max-video-preview":"max-video-preview:-1"},"canonical":"https:\/\/studiomedicobiancardi.com\/it\/servizi\/trattamenti-di-gruppo\/","og_locale":"it_IT","og_type":"article","og_title":"Fisioterapia Verona | Miglioramento tono muscolare ed elasticit\u00e0 del corpo","og_description":"Esercizi di movimento per conservare il tono muscolare e mantenere la naturale elasticit\u00e0 del corpo. Per tornare a svolgere senza problemi e senza fatica le attivit\u00e0 di tutti i giorni.","og_url":"https:\/\/studiomedicobiancardi.com\/it\/servizi\/trattamenti-di-gruppo\/","og_site_name":"Studio Medico Biancardi","article_modified_time":"2023-12-28T09:04:49+00:00","og_image":[{"width":2000,"height":1333,"url":"https:\/\/studiomedicobiancardi.com\/wp-content\/uploads\/2020\/01\/IMG_1425.jpg","type":"image\/jpeg"}],"twitter_card":"summary_large_image","twitter_misc":{"Tempo di lettura stimato":"4 minuti"},"schema":{"@context":"https:\/\/schema.org","@graph":[{"@type":"WebPage","@id":"https:\/\/studiomedicobiancardi.com\/it\/servizi\/trattamenti-di-gruppo\/","url":"https:\/\/studiomedicobiancardi.com\/it\/servizi\/trattamenti-di-gruppo\/","name":"Fisioterapia Verona | Miglioramento tono muscolare ed elasticit\u00e0 del corpo","isPartOf":{"@id":"https:\/\/studiomedicobiancardi.com\/it\/#website"},"datePublished":"2015-12-03T23:30:13+00:00","dateModified":"2023-12-28T09:04:49+00:00","description":"Esercizi di movimento per conservare il tono muscolare e mantenere la naturale elasticit\u00e0 del corpo. Per tornare a svolgere senza problemi e senza fatica le attivit\u00e0 di tutti i giorni.","breadcrumb":{"@id":"https:\/\/studiomedicobiancardi.com\/it\/servizi\/trattamenti-di-gruppo\/#breadcrumb"},"inLanguage":"it-IT","potentialAction":[{"@type":"ReadAction","target":["https:\/\/studiomedicobiancardi.com\/it\/servizi\/trattamenti-di-gruppo\/"]}]},{"@type":"BreadcrumbList","@id":"https:\/\/studiomedicobiancardi.com\/it\/servizi\/trattamenti-di-gruppo\/#breadcrumb","itemListElement":[{"@type":"ListItem","position":1,"name":"Home","item":"https:\/\/studiomedicobiancardi.com\/it\/"},{"@type":"ListItem","position":2,"name":"Servizi","item":"https:\/\/studiomedicobiancardi.com\/it\/servizi\/"},{"@type":"ListItem","position":3,"name":"Trattamenti di gruppo"}]},{"@type":"WebSite","@id":"https:\/\/studiomedicobiancardi.com\/it\/#website","url":"https:\/\/studiomedicobiancardi.com\/it\/","name":"Studio Medico Biancardi","description":"Trattamenti di fisioterapia","potentialAction":[{"@type":"SearchAction","target":{"@type":"EntryPoint","urlTemplate":"https:\/\/studiomedicobiancardi.com\/it\/?s={search_term_string}"},"query-input":"required name=search_term_string"}],"inLanguage":"it-IT"}]}},"_links":{"self":[{"href":"https:\/\/studiomedicobiancardi.com\/it\/wp-json\/wp\/v2\/pages\/307"}],"collection":[{"href":"https:\/\/studiomedicobiancardi.com\/it\/wp-json\/wp\/v2\/pages"}],"about":[{"href":"https:\/\/studiomedicobiancardi.com\/it\/wp-json\/wp\/v2\/types\/page"}],"author":[{"embeddable":true,"href":"https:\/\/studiomedicobiancardi.com\/it\/wp-json\/wp\/v2\/users\/1"}],"replies":[{"embeddable":true,"href":"https:\/\/studiomedicobiancardi.com\/it\/wp-json\/wp\/v2\/comments?post=307"}],"version-history":[{"count":23,"href":"https:\/\/studiomedicobiancardi.com\/it\/wp-json\/wp\/v2\/pages\/307\/revisions"}],"predecessor-version":[{"id":8563,"href":"https:\/\/studiomedicobiancardi.com\/it\/wp-json\/wp\/v2\/pages\/307\/revisions\/8563"}],"up":[{"embeddable":true,"href":"https:\/\/studiomedicobiancardi.com\/it\/wp-json\/wp\/v2\/pages\/110"}],"wp:featuredmedia":[{"embeddable":true,"href":"https:\/\/studiomedicobiancardi.com\/it\/wp-json\/wp\/v2\/media\/8072"}],"wp:attachment":[{"href":"https:\/\/studiomedicobiancardi.com\/it\/wp-json\/wp\/v2\/media?parent=307"}],"curies":[{"name":"wp","href":"https:\/\/api.w.org\/{rel}","templated":true}]}}