{"id":7802,"date":"2019-05-06T21:42:45","date_gmt":"2019-05-06T21:42:45","guid":{"rendered":"https:\/\/studiomedicobiancardi.com\/?page_id=7802"},"modified":"2025-10-12T20:11:43","modified_gmt":"2025-10-12T18:11:43","slug":"informativa-sulla-privacy","status":"publish","type":"page","link":"https:\/\/studiomedicobiancardi.com\/it\/informativa-sulla-privacy\/","title":{"rendered":"Privacy Policy"},"content":{"rendered":"<p>PRIVACY POLICY (ai sensi dell\u2019art. 13 del Reg. 2016\/679\/U.E.)<br \/>\nIn questa pagina si descrivono le modalit\u00e0 di gestione del presente sito internet in riferimento al trattamento dei dati personali degli utenti che lo consultano. Il trattamento dei dati viene effettuato nel rispetto dei criteri previsti dal regolamento europeo in materia di protezione dei dati personali, Reg. 2016\/679\/UE e di ogni altro testo legislativo nazionale, provvedimento o autorizzazione dell\u2019Autorit\u00e0 competente allo stesso collegato. Secondo la normativa indicata, il trattamento deve essere improntato ai principi di correttezza, liceit\u00e0 e trasparenza e di tutela della Sua riservatezza e dei Suoi diritti.<br \/>\nL&#8217;informativa \u00e8 resa solo per questo sito e non anche per altri siti web eventualmente consultati dall&#8217;utente tramite link. Tramite la navigazione sul portale sono possibili i seguenti servizi:<br \/>\na)\tpermettere la navigazione sul sito web (indirizzo IP);<br \/>\nb)\trispondere a Vostre richieste di informazioni in merito ai prodotti\/servizi venduti\/offerti dal Titolare del trattamento.<\/p>\n<p>TITOLARE DEL TRATTAMENTO DEI DATI PERSONALI<br \/>\nIl Titolare del trattamento dei dati personali \u00e8 la societ\u00e0 Studio Medico Biancardi S.r.l., con sede legale in Via Colonnello Fasoli n. 1, 37135 Verona (VR), in persona del legale rappresentante pro tempore, tel.: 045 540071, P.IVA: 04800980239.<br \/>\n\u00c8 possibile contattare il Titolare inviando una mail all\u2019indirizzo: info@studiomedicobiancardi.com.<\/p>\n<p>LUOGO DI TRATTAMENTO DEI DATI, COMUNICAZIONE E DIFFUSIONE<br \/>\nI trattamenti connessi ai servizi web di questo sito hanno luogo presso la predetta sede della Societ\u00e0 e sono curati dal personale interno o, qualora sia necessario, da personale esterno nominato (es. per operazioni di manutenzione e aggiornamento dei sistemi informatici).<br \/>\nNessun dato derivante dal servizio web \u00e8 invece oggetto di diffusione.<br \/>\nIl Titolare del trattamento informa inoltre che non ricorre a processi decisionali totalmente automatizzati, compresa la profilazione, per il raggiungimento delle finalit\u00e0 previste nella presente informativa.<\/p>\n<p>FINALIT\u00c0 E BASE GIURIDICHE DEL TRATTAMENTO<br \/>\nI dati personali forniti dagli utenti che inoltrano richieste di informazioni in merito:<br \/>\n\u2022\tai servizi offerti dal Titolare quali: trattamenti medici, servizi di fisioterapia manuale, terapie strumentali e terapie di gruppo;<br \/>\n\u2022\talle eventuali iniziative\/agli eventi promosse\/i dal Titolare,<br \/>\nsaranno utilizzati unicamente per dare riscontro a quanto contenuto nella richiesta. <\/p>\n<p>Le basi giuridiche del trattamento dei dati sono:<br \/>\n1)\tart. 6.1 lett. b) G.D.P.R. \u201cadempimento di obblighi contrattuali e precontrattuali\u201d;<br \/>\n2)\tart. 6.1 lett. f) G.D.P.R. \u201clegittimo interesse del Titolare del Trattamento\u201d, consistente nel tenere aggiornati i clienti e potenziali clienti sui servizi\/prodotti proposti.<\/p>\n<p>TIPOLOGIA DI DATI TRATTATI<br \/>\nDati di navigazione<br \/>\nI sistemi informatici e le procedure software preposte al funzionamento di questo sito web acquisiscono, nel corso del loro normale esercizio, alcuni dati personali la cui trasmissione \u00e8 implicita nell&#8217;uso dei protocolli di comunicazione di Internet.<br \/>\nSi tratta di informazioni che non sono raccolte per essere associate a interessati identificati, ma che per loro stessa natura potrebbero, attraverso elaborazioni ed associazioni con dati detenuti da terzi, permettere di identificare gli utenti.<br \/>\nIn questa categoria di dati rientrano gli indirizzi IP o i nomi a dominio dei computer utilizzati dagli utenti che si connettono al sito, gli indirizzi in notazione URI (Uniform Resource Identifier) delle risorse richieste, l&#8217;orario della richiesta, il metodo utilizzato nel sottoporre la richiesta al server, la dimensione del file ottenuto in risposta, il codice numerico indicante lo stato della risposta data dal server (buon fine, errore, ecc.) ed altri parametri relativi al sistema operativo e all&#8217;ambiente informatico dell&#8217;utente.<br \/>\nQuesta tipologia di dati viene utilizzata al solo fine di ricavare informazioni statistiche anonime sull&#8217;uso del sito e per controllarne il corretto funzionamento. I dati potrebbero essere utilizzati per l&#8217;accertamento di responsabilit\u00e0 in caso di ipotetici reati informatici ai danni del sito. Per questi dati, limitatamente per la finalit\u00e0 suddetta, non \u00e8 necessario richiedere il consenso esplicito.<br \/>\nDati forniti volontariamente dall&#8217;utente<br \/>\nSono raccolti dati personali quali nome, numero di telefono ed indirizzo e-mail per il servizio di richiesta informazioni o prenotazione di un appuntamento.<br \/>\nQuesta tipologia di dati viene fornita dall\u2019utente volontariamente. Per il trattamento di queste tipologie di dati non \u00e8 richiesto il consenso esplicito in quanto trattasi di dati necessari per dare riscontro ad una richiesta dell\u2019utente stesso.<br \/>\nCookies<br \/>\nLa politica dei cookie \u00e8 presente nell\u2019apposita sezione \u201cCookie Policy\u201d. <\/p>\n<p>TRASFERIMENTO DEI DATI VERSO PAESI EXTRA U.E.<br \/>\nIl Titolare del trattamento dei dati non trasferisce (e non conserva) dati personali raccolti dal sito web in paesi terzi extra U.E. <\/p>\n<p>TERMINI DI CANCELLAZIONE<br \/>\nIl Titolare tratter\u00e0 i dati personali per il tempo necessario per adempiere alle finalit\u00e0 perseguite dalla Societ\u00e0 e comunque non oltre 10 anni dalla cessazione del rapporto contrattuale. I dati di contatto funzionali al servizio di richiesta informazioni saranno cancellati immediatamente a seguito dell\u2019esercizio del diritto di opposizione o di cancellazione (oblio). <\/p>\n<p>DIRITTI DEGLI INTERESSATI<br \/>\nAi sensi degli artt. 15 \u2013 22 G.D.P.R., l\u2019interessato ha diritto di chiedere al titolare del trattamento l&#8217;accesso ai Suoi dati personali ovvero la rettifica ovvero la cancellazione degli stessi o la limitazione del trattamento che la riguardano, ovvero ha diritto di opporsi al loro trattamento, oltre al diritto di richiedere la portabilit\u00e0 dei dati stessi.<br \/>\nLa richiesta pu\u00f2 essere fatta a mezzo e-mail o raccomandata con oggetto: \u201crichiesta da parte dell\u2019interessato\u201d specificando nella richiesta il diritto che l\u2019interessato vuole esercitare (cancellazione, rettifica, portabilit\u00e0, oblio), unitamente ad un valido indirizzo di posta elettronica\/pec al quale recapitare il riscontro.<br \/>\nIl titolare del trattamento o, chiunque dallo stesso incaricato, proceder\u00e0 a soddisfare la richiesta entro 30 giorni dalla data di ricevimento. Qualora la risposta fosse complessa, il tempo potrebbe allungarsi ad ulteriori 30 giorni, previa tempestiva comunicazione allo stesso interessato.<br \/>\nQualora ritenga opportuno far valere i suoi diritti, ha facolt\u00e0 di proporre reclamo all\u2019autorit\u00e0 di controllo competente, corrispondente al Garante per la protezione dei dati personali, con sede in Piazza Venezia, 11 &#8211; 00187 Roma, e-mail: protocollo@gpdp.it.<\/p>\n","protected":false},"excerpt":{"rendered":"<p>PRIVACY POLICY (ai sensi dell\u2019art. 13 del Reg. 2016\/679\/U.E.) In questa pagina si descrivono le modalit\u00e0 di gestione del presente sito internet in riferimento al trattamento dei dati personali degli utenti che lo consultano. Il trattamento dei dati viene effettuato nel rispetto dei criteri previsti dal regolamento europeo in materia di protezione dei dati personali, [&hellip;]<\/p>\n","protected":false},"author":1,"featured_media":0,"parent":0,"menu_order":0,"comment_status":"closed","ping_status":"closed","template":"","meta":{"footnotes":""},"yoast_head":"<!-- This site is optimized with the Yoast SEO plugin v21.7 - https:\/\/yoast.com\/wordpress\/plugins\/seo\/ -->\n<title>Privacy Policy - Studio Medico Biancardi<\/title>\n<meta name=\"robots\" content=\"index, follow, max-snippet:-1, max-image-preview:large, max-video-preview:-1\" \/>\n<link rel=\"canonical\" href=\"https:\/\/studiomedicobiancardi.com\/it\/informativa-sulla-privacy\/\" \/>\n<meta property=\"og:locale\" content=\"it_IT\" \/>\n<meta property=\"og:type\" content=\"article\" \/>\n<meta property=\"og:title\" content=\"Privacy Policy - Studio Medico Biancardi\" \/>\n<meta property=\"og:description\" content=\"PRIVACY POLICY (ai sensi dell\u2019art. 13 del Reg. 2016\/679\/U.E.) In questa pagina si descrivono le modalit\u00e0 di gestione del presente sito internet in riferimento al trattamento dei dati personali degli utenti che lo consultano. Il trattamento dei dati viene effettuato nel rispetto dei criteri previsti dal regolamento europeo in materia di protezione dei dati personali, [&hellip;]\" \/>\n<meta property=\"og:url\" content=\"https:\/\/studiomedicobiancardi.com\/it\/informativa-sulla-privacy\/\" \/>\n<meta property=\"og:site_name\" content=\"Studio Medico Biancardi\" \/>\n<meta property=\"article:modified_time\" content=\"2025-10-12T18:11:43+00:00\" \/>\n<meta name=\"twitter:card\" content=\"summary_large_image\" \/>\n<meta name=\"twitter:label1\" content=\"Tempo di lettura stimato\" \/>\n\t<meta name=\"twitter:data1\" content=\"2 minuti\" \/>\n<script type=\"application\/ld+json\" class=\"yoast-schema-graph\">{\"@context\":\"https:\/\/schema.org\",\"@graph\":[{\"@type\":\"WebPage\",\"@id\":\"https:\/\/studiomedicobiancardi.com\/it\/informativa-sulla-privacy\/\",\"url\":\"https:\/\/studiomedicobiancardi.com\/it\/informativa-sulla-privacy\/\",\"name\":\"Privacy Policy - Studio Medico Biancardi\",\"isPartOf\":{\"@id\":\"https:\/\/studiomedicobiancardi.com\/it\/#website\"},\"datePublished\":\"2019-05-06T21:42:45+00:00\",\"dateModified\":\"2025-10-12T18:11:43+00:00\",\"breadcrumb\":{\"@id\":\"https:\/\/studiomedicobiancardi.com\/it\/informativa-sulla-privacy\/#breadcrumb\"},\"inLanguage\":\"it-IT\",\"potentialAction\":[{\"@type\":\"ReadAction\",\"target\":[\"https:\/\/studiomedicobiancardi.com\/it\/informativa-sulla-privacy\/\"]}]},{\"@type\":\"BreadcrumbList\",\"@id\":\"https:\/\/studiomedicobiancardi.com\/it\/informativa-sulla-privacy\/#breadcrumb\",\"itemListElement\":[{\"@type\":\"ListItem\",\"position\":1,\"name\":\"Home\",\"item\":\"https:\/\/studiomedicobiancardi.com\/it\/\"},{\"@type\":\"ListItem\",\"position\":2,\"name\":\"Privacy Policy\"}]},{\"@type\":\"WebSite\",\"@id\":\"https:\/\/studiomedicobiancardi.com\/it\/#website\",\"url\":\"https:\/\/studiomedicobiancardi.com\/it\/\",\"name\":\"Studio Medico Biancardi\",\"description\":\"Trattamenti di fisioterapia\",\"potentialAction\":[{\"@type\":\"SearchAction\",\"target\":{\"@type\":\"EntryPoint\",\"urlTemplate\":\"https:\/\/studiomedicobiancardi.com\/it\/?s={search_term_string}\"},\"query-input\":\"required name=search_term_string\"}],\"inLanguage\":\"it-IT\"}]}<\/script>\n<!-- \/ Yoast SEO plugin. -->","yoast_head_json":{"title":"Privacy Policy - Studio Medico Biancardi","robots":{"index":"index","follow":"follow","max-snippet":"max-snippet:-1","max-image-preview":"max-image-preview:large","max-video-preview":"max-video-preview:-1"},"canonical":"https:\/\/studiomedicobiancardi.com\/it\/informativa-sulla-privacy\/","og_locale":"it_IT","og_type":"article","og_title":"Privacy Policy - Studio Medico Biancardi","og_description":"PRIVACY POLICY (ai sensi dell\u2019art. 13 del Reg. 2016\/679\/U.E.) In questa pagina si descrivono le modalit\u00e0 di gestione del presente sito internet in riferimento al trattamento dei dati personali degli utenti che lo consultano. Il trattamento dei dati viene effettuato nel rispetto dei criteri previsti dal regolamento europeo in materia di protezione dei dati personali, [&hellip;]","og_url":"https:\/\/studiomedicobiancardi.com\/it\/informativa-sulla-privacy\/","og_site_name":"Studio Medico Biancardi","article_modified_time":"2025-10-12T18:11:43+00:00","twitter_card":"summary_large_image","twitter_misc":{"Tempo di lettura stimato":"2 minuti"},"schema":{"@context":"https:\/\/schema.org","@graph":[{"@type":"WebPage","@id":"https:\/\/studiomedicobiancardi.com\/it\/informativa-sulla-privacy\/","url":"https:\/\/studiomedicobiancardi.com\/it\/informativa-sulla-privacy\/","name":"Privacy Policy - Studio Medico Biancardi","isPartOf":{"@id":"https:\/\/studiomedicobiancardi.com\/it\/#website"},"datePublished":"2019-05-06T21:42:45+00:00","dateModified":"2025-10-12T18:11:43+00:00","breadcrumb":{"@id":"https:\/\/studiomedicobiancardi.com\/it\/informativa-sulla-privacy\/#breadcrumb"},"inLanguage":"it-IT","potentialAction":[{"@type":"ReadAction","target":["https:\/\/studiomedicobiancardi.com\/it\/informativa-sulla-privacy\/"]}]},{"@type":"BreadcrumbList","@id":"https:\/\/studiomedicobiancardi.com\/it\/informativa-sulla-privacy\/#breadcrumb","itemListElement":[{"@type":"ListItem","position":1,"name":"Home","item":"https:\/\/studiomedicobiancardi.com\/it\/"},{"@type":"ListItem","position":2,"name":"Privacy Policy"}]},{"@type":"WebSite","@id":"https:\/\/studiomedicobiancardi.com\/it\/#website","url":"https:\/\/studiomedicobiancardi.com\/it\/","name":"Studio Medico Biancardi","description":"Trattamenti di fisioterapia","potentialAction":[{"@type":"SearchAction","target":{"@type":"EntryPoint","urlTemplate":"https:\/\/studiomedicobiancardi.com\/it\/?s={search_term_string}"},"query-input":"required name=search_term_string"}],"inLanguage":"it-IT"}]}},"_links":{"self":[{"href":"https:\/\/studiomedicobiancardi.com\/it\/wp-json\/wp\/v2\/pages\/7802"}],"collection":[{"href":"https:\/\/studiomedicobiancardi.com\/it\/wp-json\/wp\/v2\/pages"}],"about":[{"href":"https:\/\/studiomedicobiancardi.com\/it\/wp-json\/wp\/v2\/types\/page"}],"author":[{"embeddable":true,"href":"https:\/\/studiomedicobiancardi.com\/it\/wp-json\/wp\/v2\/users\/1"}],"replies":[{"embeddable":true,"href":"https:\/\/studiomedicobiancardi.com\/it\/wp-json\/wp\/v2\/comments?post=7802"}],"version-history":[{"count":4,"href":"https:\/\/studiomedicobiancardi.com\/it\/wp-json\/wp\/v2\/pages\/7802\/revisions"}],"predecessor-version":[{"id":199929,"href":"https:\/\/studiomedicobiancardi.com\/it\/wp-json\/wp\/v2\/pages\/7802\/revisions\/199929"}],"wp:attachment":[{"href":"https:\/\/studiomedicobiancardi.com\/it\/wp-json\/wp\/v2\/media?parent=7802"}],"curies":[{"name":"wp","href":"https:\/\/api.w.org\/{rel}","templated":true}]}}