{"id":7984,"date":"2019-08-02T13:32:34","date_gmt":"2019-08-02T13:32:34","guid":{"rendered":"https:\/\/studiomedicobiancardi.com\/la-struttura-copy\/"},"modified":"2019-09-01T14:02:50","modified_gmt":"2019-09-01T14:02:50","slug":"principi-fondamentali","status":"publish","type":"page","link":"https:\/\/studiomedicobiancardi.com\/it\/principi-fondamentali\/","title":{"rendered":"Principi fondamentali"},"content":{"rendered":"<div id=\"pl-7984\"  class=\"panel-layout\" ><div id=\"pg-7984-0\"  class=\"panel-grid panel-no-style\" ><div id=\"pgc-7984-0-0\"  class=\"panel-grid-cell\" ><div id=\"panel-7984-0-0-0\" class=\"so-panel widget widget_sow-editor panel-first-child panel-last-child\" data-index=\"0\" ><div\n\t\t\t\n\t\t\tclass=\"so-widget-sow-editor so-widget-sow-editor-base\"\n\t\t\t\n\t\t>\n<div class=\"siteorigin-widget-tinymce textwidget\">\n\t<blockquote>\n<p style=\"text-align: center;\">Nello svolgimento della propria attivit\u00e0, lo Studio garantisce l\u2019applicazione dei seguenti<br \/>\nprincipi etici e professionali:<\/p>\n<\/blockquote>\n<\/div>\n<\/div><\/div><\/div><\/div><div id=\"pg-7984-1\"  class=\"panel-grid panel-no-style\" ><div id=\"pgc-7984-1-0\"  class=\"panel-grid-cell\" ><div id=\"panel-7984-1-0-0\" class=\"so-panel widget widget_sow-editor panel-first-child panel-last-child\" data-index=\"1\" ><div\n\t\t\t\n\t\t\tclass=\"so-widget-sow-editor so-widget-sow-editor-base\"\n\t\t\t\n\t\t>\n<div class=\"siteorigin-widget-tinymce textwidget\">\n\t<div style=\"text-align:center; font-size:64px;\"><i class=\"fa fa-balance-scale\"><\/i><\/div>\n<p style=\"text-align: center;\"><strong>Eguaglianza:<\/strong><\/p>\n<p style=\"text-align: center;\">tutti possono accedere ai servizi erogati con pari diritti. Nessuna distinzione viene compiuta per motivi etnici, linguistici, religiosi e politici.<\/p>\n<\/div>\n<\/div><\/div><\/div><div id=\"pgc-7984-1-1\"  class=\"panel-grid-cell\" ><div id=\"panel-7984-1-1-0\" class=\"so-panel widget widget_sow-editor panel-first-child panel-last-child\" data-index=\"2\" ><div\n\t\t\t\n\t\t\tclass=\"so-widget-sow-editor so-widget-sow-editor-base\"\n\t\t\t\n\t\t>\n<div class=\"siteorigin-widget-tinymce textwidget\">\n\t<div style=\"text-align:center; font-size:64px;\"><i class=\"fa fa-gavel\"><\/i><\/div>\n<p style=\"text-align: center;\"><strong>Diritto alla scelta:<\/strong><\/p>\n<p style=\"text-align: center;\">l\u2019utente ha il diritto di accedere ai servizi offerti dallo Studio su propria libera scelta, nei soli limiti stabiliti dalle disponibilit\u00e0 strutturali, tecnologiche e di competenza tecnico-professionale. \u00c8 esclusa ogni costrizione morale o materiale.<\/p>\n<\/div>\n<\/div><\/div><\/div><div id=\"pgc-7984-1-2\"  class=\"panel-grid-cell\" ><div id=\"panel-7984-1-2-0\" class=\"so-panel widget widget_sow-editor panel-first-child panel-last-child\" data-index=\"3\" ><div\n\t\t\t\n\t\t\tclass=\"so-widget-sow-editor so-widget-sow-editor-base\"\n\t\t\t\n\t\t>\n<div class=\"siteorigin-widget-tinymce textwidget\">\n\t<div style=\"text-align:center; font-size:64px;\"><i class=\"fa fa-heart\"><\/i><\/div>\n<p style=\"text-align: center;\"><strong>Imparzialit\u00e0:<\/strong><\/p>\n<p style=\"text-align: center;\">il comportamento del personale nei confronti degli Utenti \u00e8 ispirato a criteri di obiettivit\u00e0, giustizia, imparzialit\u00e0 e cortesia.<\/p>\n<\/div>\n<\/div><\/div><\/div><\/div><div id=\"pg-7984-2\"  class=\"panel-grid panel-no-style\" ><div id=\"pgc-7984-2-0\"  class=\"panel-grid-cell\" ><div id=\"panel-7984-2-0-0\" class=\"so-panel widget widget_sow-editor panel-first-child panel-last-child\" data-index=\"4\" ><div\n\t\t\t\n\t\t\tclass=\"so-widget-sow-editor so-widget-sow-editor-base\"\n\t\t\t\n\t\t>\n<div class=\"siteorigin-widget-tinymce textwidget\">\n\t<div style=\"text-align:center; font-size:64px;\"><i class=\"fa fa-volume-up\"><\/i><\/div>\n<p style=\"text-align: center;\"><strong>Partecipazione:<\/strong><\/p>\n<p style=\"text-align: center;\">l\u2019utente ha il diritto di ottenere informazioni sui servizi offerti e sulle proprie condizioni di salute, ha il diritto di esprimere osservazioni e suggerimenti verbali o scritti. Tali indicazioni saranno attentamente valutate dallo Studio per il miglioramento della qualit\u00e0 dei servizi.<\/p>\n<\/div>\n<\/div><\/div><\/div><div id=\"pgc-7984-2-1\"  class=\"panel-grid-cell\" ><div id=\"panel-7984-2-1-0\" class=\"so-panel widget widget_sow-editor panel-first-child panel-last-child\" data-index=\"5\" ><div\n\t\t\t\n\t\t\tclass=\"so-widget-sow-editor so-widget-sow-editor-base\"\n\t\t\t\n\t\t>\n<div class=\"siteorigin-widget-tinymce textwidget\">\n\t<div style=\"text-align:center; font-size:64px;\"><i class=\"fa fa-bullseye\"><\/i><\/div>\n<p style=\"text-align: center;\"><strong>Efficienza ed efficacia:\u00a0<\/strong><\/p>\n<p style=\"text-align: center;\">ogni operatore lavora per il raggiungimento dell\u2019obiettivo primario in modo da produrre, con le conoscenze tecnico-scientifiche pi\u00f9 moderne, risultati validi per la salute dei cittadini. Il raggiungimento degli obiettivi non \u00e8 disgiunto dalla salvaguardia delle risorse che devono essere utilizzate al meglio, senza sprechi o costi inutili.<\/p>\n<\/div>\n<\/div><\/div><\/div><div id=\"pgc-7984-2-2\"  class=\"panel-grid-cell\" ><div id=\"panel-7984-2-2-0\" class=\"so-panel widget widget_sow-editor panel-first-child panel-last-child\" data-index=\"6\" ><div\n\t\t\t\n\t\t\tclass=\"so-widget-sow-editor so-widget-sow-editor-base\"\n\t\t\t\n\t\t>\n<div class=\"siteorigin-widget-tinymce textwidget\">\n\t<div style=\"text-align:center; font-size:64px;\"><i class=\"fa fa-book\"><\/i><\/div>\n<p style=\"text-align: center;\"><strong>Innovazione tecnico-scientifica:<\/strong><\/p>\n<p style=\"text-align: center;\">lo Studio sostiene lo sviluppo di nuove idee e si adopera costantemente per promuovere l\u2019applicazione delle pi\u00f9 moderne tecnologie nel percorso di cura.<\/p>\n<\/div>\n<\/div><\/div><\/div><\/div><\/div>","protected":false},"excerpt":{"rendered":"<p>Nello svolgimento della propria attivit\u00e0, lo Studio garantisce l\u2019applicazione dei seguenti principi etici e professionali: Eguaglianza: tutti possono accedere ai servizi erogati con pari diritti. Nessuna distinzione viene compiuta per motivi etnici, linguistici, religiosi e politici. Diritto alla scelta: l\u2019utente ha il diritto di accedere ai servizi offerti dallo Studio su propria libera scelta, nei [&hellip;]<\/p>\n","protected":false},"author":1,"featured_media":0,"parent":0,"menu_order":0,"comment_status":"closed","ping_status":"closed","template":"","meta":{"footnotes":""},"yoast_head":"<!-- This site is optimized with the Yoast SEO plugin v21.7 - https:\/\/yoast.com\/wordpress\/plugins\/seo\/ -->\n<title>Principi fondamentali del nostro centro di fisioterapia e riabilitazione.<\/title>\n<meta name=\"description\" content=\"Nello svolgimento della propria attivit\u00e0, lo Studio garantisce l\u2019applicazione dei principi etici e professionali: Eguaglianza, Diritto alla scelta...\" \/>\n<meta name=\"robots\" content=\"index, follow, max-snippet:-1, max-image-preview:large, max-video-preview:-1\" \/>\n<link rel=\"canonical\" href=\"https:\/\/studiomedicobiancardi.com\/it\/principi-fondamentali\/\" \/>\n<meta property=\"og:locale\" content=\"it_IT\" \/>\n<meta property=\"og:type\" content=\"article\" \/>\n<meta property=\"og:title\" content=\"Principi fondamentali del nostro centro di fisioterapia e riabilitazione.\" \/>\n<meta property=\"og:description\" content=\"Nello svolgimento della propria attivit\u00e0, lo Studio garantisce l\u2019applicazione dei principi etici e professionali: Eguaglianza, Diritto alla scelta...\" \/>\n<meta property=\"og:url\" content=\"https:\/\/studiomedicobiancardi.com\/it\/principi-fondamentali\/\" \/>\n<meta property=\"og:site_name\" content=\"Studio Medico Biancardi\" \/>\n<meta property=\"article:modified_time\" content=\"2019-09-01T14:02:50+00:00\" \/>\n<meta name=\"twitter:card\" content=\"summary_large_image\" \/>\n<meta name=\"twitter:label1\" content=\"Tempo di lettura stimato\" \/>\n\t<meta name=\"twitter:data1\" content=\"1 minuto\" \/>\n<script type=\"application\/ld+json\" class=\"yoast-schema-graph\">{\"@context\":\"https:\/\/schema.org\",\"@graph\":[{\"@type\":\"WebPage\",\"@id\":\"https:\/\/studiomedicobiancardi.com\/it\/principi-fondamentali\/\",\"url\":\"https:\/\/studiomedicobiancardi.com\/it\/principi-fondamentali\/\",\"name\":\"Principi fondamentali del nostro centro di fisioterapia e riabilitazione.\",\"isPartOf\":{\"@id\":\"https:\/\/studiomedicobiancardi.com\/it\/#website\"},\"datePublished\":\"2019-08-02T13:32:34+00:00\",\"dateModified\":\"2019-09-01T14:02:50+00:00\",\"description\":\"Nello svolgimento della propria attivit\u00e0, lo Studio garantisce l\u2019applicazione dei principi etici e professionali: Eguaglianza, Diritto alla scelta...\",\"breadcrumb\":{\"@id\":\"https:\/\/studiomedicobiancardi.com\/it\/principi-fondamentali\/#breadcrumb\"},\"inLanguage\":\"it-IT\",\"potentialAction\":[{\"@type\":\"ReadAction\",\"target\":[\"https:\/\/studiomedicobiancardi.com\/it\/principi-fondamentali\/\"]}]},{\"@type\":\"BreadcrumbList\",\"@id\":\"https:\/\/studiomedicobiancardi.com\/it\/principi-fondamentali\/#breadcrumb\",\"itemListElement\":[{\"@type\":\"ListItem\",\"position\":1,\"name\":\"Home\",\"item\":\"https:\/\/studiomedicobiancardi.com\/it\/\"},{\"@type\":\"ListItem\",\"position\":2,\"name\":\"Principi fondamentali\"}]},{\"@type\":\"WebSite\",\"@id\":\"https:\/\/studiomedicobiancardi.com\/it\/#website\",\"url\":\"https:\/\/studiomedicobiancardi.com\/it\/\",\"name\":\"Studio Medico Biancardi\",\"description\":\"Trattamenti di fisioterapia\",\"potentialAction\":[{\"@type\":\"SearchAction\",\"target\":{\"@type\":\"EntryPoint\",\"urlTemplate\":\"https:\/\/studiomedicobiancardi.com\/it\/?s={search_term_string}\"},\"query-input\":\"required name=search_term_string\"}],\"inLanguage\":\"it-IT\"}]}<\/script>\n<!-- \/ Yoast SEO plugin. -->","yoast_head_json":{"title":"Principi fondamentali del nostro centro di fisioterapia e riabilitazione.","description":"Nello svolgimento della propria attivit\u00e0, lo Studio garantisce l\u2019applicazione dei principi etici e professionali: Eguaglianza, Diritto alla scelta...","robots":{"index":"index","follow":"follow","max-snippet":"max-snippet:-1","max-image-preview":"max-image-preview:large","max-video-preview":"max-video-preview:-1"},"canonical":"https:\/\/studiomedicobiancardi.com\/it\/principi-fondamentali\/","og_locale":"it_IT","og_type":"article","og_title":"Principi fondamentali del nostro centro di fisioterapia e riabilitazione.","og_description":"Nello svolgimento della propria attivit\u00e0, lo Studio garantisce l\u2019applicazione dei principi etici e professionali: Eguaglianza, Diritto alla scelta...","og_url":"https:\/\/studiomedicobiancardi.com\/it\/principi-fondamentali\/","og_site_name":"Studio Medico Biancardi","article_modified_time":"2019-09-01T14:02:50+00:00","twitter_card":"summary_large_image","twitter_misc":{"Tempo di lettura stimato":"1 minuto"},"schema":{"@context":"https:\/\/schema.org","@graph":[{"@type":"WebPage","@id":"https:\/\/studiomedicobiancardi.com\/it\/principi-fondamentali\/","url":"https:\/\/studiomedicobiancardi.com\/it\/principi-fondamentali\/","name":"Principi fondamentali del nostro centro di fisioterapia e riabilitazione.","isPartOf":{"@id":"https:\/\/studiomedicobiancardi.com\/it\/#website"},"datePublished":"2019-08-02T13:32:34+00:00","dateModified":"2019-09-01T14:02:50+00:00","description":"Nello svolgimento della propria attivit\u00e0, lo Studio garantisce l\u2019applicazione dei principi etici e professionali: Eguaglianza, Diritto alla scelta...","breadcrumb":{"@id":"https:\/\/studiomedicobiancardi.com\/it\/principi-fondamentali\/#breadcrumb"},"inLanguage":"it-IT","potentialAction":[{"@type":"ReadAction","target":["https:\/\/studiomedicobiancardi.com\/it\/principi-fondamentali\/"]}]},{"@type":"BreadcrumbList","@id":"https:\/\/studiomedicobiancardi.com\/it\/principi-fondamentali\/#breadcrumb","itemListElement":[{"@type":"ListItem","position":1,"name":"Home","item":"https:\/\/studiomedicobiancardi.com\/it\/"},{"@type":"ListItem","position":2,"name":"Principi fondamentali"}]},{"@type":"WebSite","@id":"https:\/\/studiomedicobiancardi.com\/it\/#website","url":"https:\/\/studiomedicobiancardi.com\/it\/","name":"Studio Medico Biancardi","description":"Trattamenti di fisioterapia","potentialAction":[{"@type":"SearchAction","target":{"@type":"EntryPoint","urlTemplate":"https:\/\/studiomedicobiancardi.com\/it\/?s={search_term_string}"},"query-input":"required name=search_term_string"}],"inLanguage":"it-IT"}]}},"_links":{"self":[{"href":"https:\/\/studiomedicobiancardi.com\/it\/wp-json\/wp\/v2\/pages\/7984"}],"collection":[{"href":"https:\/\/studiomedicobiancardi.com\/it\/wp-json\/wp\/v2\/pages"}],"about":[{"href":"https:\/\/studiomedicobiancardi.com\/it\/wp-json\/wp\/v2\/types\/page"}],"author":[{"embeddable":true,"href":"https:\/\/studiomedicobiancardi.com\/it\/wp-json\/wp\/v2\/users\/1"}],"replies":[{"embeddable":true,"href":"https:\/\/studiomedicobiancardi.com\/it\/wp-json\/wp\/v2\/comments?post=7984"}],"version-history":[{"count":31,"href":"https:\/\/studiomedicobiancardi.com\/it\/wp-json\/wp\/v2\/pages\/7984\/revisions"}],"predecessor-version":[{"id":8212,"href":"https:\/\/studiomedicobiancardi.com\/it\/wp-json\/wp\/v2\/pages\/7984\/revisions\/8212"}],"wp:attachment":[{"href":"https:\/\/studiomedicobiancardi.com\/it\/wp-json\/wp\/v2\/media?parent=7984"}],"curies":[{"name":"wp","href":"https:\/\/api.w.org\/{rel}","templated":true}]}}