{"id":7997,"date":"2019-08-05T20:39:53","date_gmt":"2019-08-05T20:39:53","guid":{"rendered":"https:\/\/studiomedicobiancardi.com\/servizi\/trattamenti-di-gruppo-copy\/"},"modified":"2024-10-28T14:31:13","modified_gmt":"2024-10-28T13:31:13","slug":"trattamenti-medici","status":"publish","type":"page","link":"https:\/\/studiomedicobiancardi.com\/it\/servizi\/trattamenti-medici\/","title":{"rendered":"Trattamenti Medici"},"content":{"rendered":"<div id=\"pl-7997\"  class=\"panel-layout\" ><div id=\"pg-7997-0\"  class=\"panel-grid panel-no-style\" ><div id=\"pgc-7997-0-0\"  class=\"panel-grid-cell\" ><div id=\"panel-7997-0-0-0\" class=\"so-panel widget widget_sow-editor panel-first-child panel-last-child\" data-index=\"0\" ><div\n\t\t\t\n\t\t\tclass=\"so-widget-sow-editor so-widget-sow-editor-base\"\n\t\t\t\n\t\t>\n<div class=\"siteorigin-widget-tinymce textwidget\">\n\t<p><img loading=\"lazy\" decoding=\"async\" class=\"alignnone wp-image-8021 size-full\" src=\"https:\/\/studiomedicobiancardi.com\/wp-content\/uploads\/2019\/08\/temp1.jpeg\" alt=\"\" width=\"735\" height=\"427\" srcset=\"https:\/\/studiomedicobiancardi.com\/wp-content\/uploads\/2019\/08\/temp1.jpeg 735w, https:\/\/studiomedicobiancardi.com\/wp-content\/uploads\/2019\/08\/temp1-300x174.jpeg 300w\" sizes=\"(max-width: 735px) 100vw, 735px\" \/><\/p>\n<\/div>\n<\/div><\/div><\/div><div id=\"pgc-7997-0-1\"  class=\"panel-grid-cell\" ><div id=\"panel-7997-0-1-0\" class=\"so-panel widget widget_sow-editor panel-first-child panel-last-child\" data-index=\"1\" ><div\n\t\t\t\n\t\t\tclass=\"so-widget-sow-editor so-widget-sow-editor-base\"\n\t\t\t\n\t\t>\n<div class=\"siteorigin-widget-tinymce textwidget\">\n\t<p><span style=\"color: #56afd5; font-size: 15px;\"><strong><a name=\"fisiatriche\"><\/a>VISITE FISIATRICHE<\/strong><\/span><\/p>\n<p style=\"text-align: justify;\">La visita fisiatrica \u00e8 la prima tappa del percorso di cure nella nostra struttura. Attraverso la visita, il medico specialista esamina il paziente e stabilisce quali trattamenti si dovranno effettuare. Le visite si possono effettuare privatamente, oppure in convenzione con il Sistema Sanitario Regionale, ovvero con la prescrizione del medico di base (impegnativa). In entrambi i casi il trattamento riservato al paziente durante la visita \u00e8 il medesimo.<\/p>\n<\/div>\n<\/div><\/div><\/div><\/div><div id=\"pg-7997-1\"  class=\"panel-grid panel-no-style\" ><div id=\"pgc-7997-1-0\"  class=\"panel-grid-cell\" ><div id=\"panel-7997-1-0-0\" class=\"so-panel widget widget_sow-editor panel-first-child panel-last-child\" data-index=\"2\" ><div\n\t\t\t\n\t\t\tclass=\"so-widget-sow-editor so-widget-sow-editor-base\"\n\t\t\t\n\t\t>\n<div class=\"siteorigin-widget-tinymce textwidget\">\n\t<p><img loading=\"lazy\" decoding=\"async\" class=\"alignnone size-full wp-image-8022\" src=\"https:\/\/studiomedicobiancardi.com\/wp-content\/uploads\/2019\/08\/temp2.jpeg\" alt=\"\" width=\"730\" height=\"450\" srcset=\"https:\/\/studiomedicobiancardi.com\/wp-content\/uploads\/2019\/08\/temp2.jpeg 730w, https:\/\/studiomedicobiancardi.com\/wp-content\/uploads\/2019\/08\/temp2-300x185.jpeg 300w\" sizes=\"(max-width: 730px) 100vw, 730px\" \/><\/p>\n<\/div>\n<\/div><\/div><\/div><div id=\"pgc-7997-1-1\"  class=\"panel-grid-cell\" ><div id=\"panel-7997-1-1-0\" class=\"so-panel widget widget_sow-editor panel-first-child panel-last-child\" data-index=\"3\" ><div\n\t\t\t\n\t\t\tclass=\"so-widget-sow-editor so-widget-sow-editor-base\"\n\t\t\t\n\t\t>\n<div class=\"siteorigin-widget-tinymce textwidget\">\n\t<p><span style=\"color: #56afd5; font-size: 15px;\"><strong><a name=\"articolari\"><\/a>INFILTRAZIONI ARTICOLARI - LEGAMENTOSE<\/strong><\/span><\/p>\n<p style=\"text-align: justify;\">Sono iniezioni effettuate direttamente nell\u2019articolazione o nel legamento interessato. A seconda del problema cambia il farmaco che viene somministrato. In caso di artrosi si inietta acido ialuronico che, grazie alla sua azione lubrificante, facilita il movimento dell\u2019articolazione. In caso di infiammazione si inietta cortisone. <\/p>\n<\/div>\n<\/div><\/div><\/div><\/div><div id=\"pg-7997-2\"  class=\"panel-grid panel-no-style\" ><div id=\"pgc-7997-2-0\"  class=\"panel-grid-cell\" ><div id=\"panel-7997-2-0-0\" class=\"so-panel widget widget_sow-editor panel-first-child panel-last-child\" data-index=\"4\" ><div\n\t\t\t\n\t\t\tclass=\"so-widget-sow-editor so-widget-sow-editor-base\"\n\t\t\t\n\t\t>\n<div class=\"siteorigin-widget-tinymce textwidget\">\n\t<p><img loading=\"lazy\" decoding=\"async\" class=\"alignnone size-full wp-image-8023\" src=\"https:\/\/studiomedicobiancardi.com\/wp-content\/uploads\/2019\/08\/temp3.jpeg\" alt=\"\" width=\"1200\" height=\"675\" srcset=\"https:\/\/studiomedicobiancardi.com\/wp-content\/uploads\/2019\/08\/temp3.jpeg 1200w, https:\/\/studiomedicobiancardi.com\/wp-content\/uploads\/2019\/08\/temp3-300x169.jpeg 300w, https:\/\/studiomedicobiancardi.com\/wp-content\/uploads\/2019\/08\/temp3-768x432.jpeg 768w, https:\/\/studiomedicobiancardi.com\/wp-content\/uploads\/2019\/08\/temp3-1024x576.jpeg 1024w\" sizes=\"(max-width: 1200px) 100vw, 1200px\" \/><\/p>\n<\/div>\n<\/div><\/div><\/div><div id=\"pgc-7997-2-1\"  class=\"panel-grid-cell\" ><div id=\"panel-7997-2-1-0\" class=\"so-panel widget widget_sow-editor panel-first-child panel-last-child\" data-index=\"5\" ><div\n\t\t\t\n\t\t\tclass=\"so-widget-sow-editor so-widget-sow-editor-base\"\n\t\t\t\n\t\t>\n<div class=\"siteorigin-widget-tinymce textwidget\">\n\t<p><span style=\"color: #56afd5; font-size: 15px;\"><strong><a name=\"mobilizzazioni\"><\/a>MOBILIZZAZIONI ARTICOLARI<\/strong><\/span><\/p>\n<p style=\"text-align: justify;\">\u00c8 un trattamento che consiste nel muovere, in modo passivo, un\u2019articolazione bloccata o dolorosa, allo scopo di ristabilire la normale mobilit\u00e0 e facilitare il corretto funzionamento delle strutture interessate. Ci\u00f2 avviene attraverso una reazione neurofisiologica e una reazione bio-meccanica. L'effetto neurofisiologico \u00e8 basato sulla stimolazione dei recettori nervosi, ottenendo cos\u00ec una diminuzione dell\u2019intensit\u00e0 del dolore; l'effetto biomeccanico \u00e8 attuato, invece, grazie alla tensione dei tessuti peri-articolari, con lo scopo di prevenire le complicanze dovute al trauma o all'immobilit\u00e0.<\/p>\n<\/div>\n<\/div><\/div><\/div><\/div><div id=\"pg-7997-3\"  class=\"panel-grid panel-no-style\" ><div id=\"pgc-7997-3-0\"  class=\"panel-grid-cell\" ><div id=\"panel-7997-3-0-0\" class=\"so-panel widget widget_sow-editor panel-first-child panel-last-child\" data-index=\"6\" ><div\n\t\t\t\n\t\t\tclass=\"so-widget-sow-editor so-widget-sow-editor-base\"\n\t\t\t\n\t\t>\n<div class=\"siteorigin-widget-tinymce textwidget\">\n\t<p><img loading=\"lazy\" decoding=\"async\" class=\"alignnone size-full wp-image-135229\" src=\"https:\/\/studiomedicobiancardi.com\/wp-content\/uploads\/2024\/10\/man-fasciale.jpg\" alt=\"\" width=\"1030\" height=\"773\" srcset=\"https:\/\/studiomedicobiancardi.com\/wp-content\/uploads\/2024\/10\/man-fasciale.jpg 1030w, https:\/\/studiomedicobiancardi.com\/wp-content\/uploads\/2024\/10\/man-fasciale-300x225.jpg 300w, https:\/\/studiomedicobiancardi.com\/wp-content\/uploads\/2024\/10\/man-fasciale-1024x768.jpg 1024w, https:\/\/studiomedicobiancardi.com\/wp-content\/uploads\/2024\/10\/man-fasciale-768x576.jpg 768w\" sizes=\"(max-width: 1030px) 100vw, 1030px\" \/><\/p>\n<\/div>\n<\/div><\/div><\/div><div id=\"pgc-7997-3-1\"  class=\"panel-grid-cell\" ><div id=\"panel-7997-3-1-0\" class=\"so-panel widget widget_sow-editor panel-first-child panel-last-child\" data-index=\"7\" ><div\n\t\t\t\n\t\t\tclass=\"so-widget-sow-editor so-widget-sow-editor-base\"\n\t\t\t\n\t\t>\n<div class=\"siteorigin-widget-tinymce textwidget\">\n\t<p><span style=\"color: #56afd5; font-size: 15px;\"><strong><a name=\"manipolazioni\"><\/a>MANIPOLAZIONI FASCIALI \u00ae<\/strong><\/span><\/p>\n<p style=\"text-align: justify;\">La Manipolazione Fasciale\u00ae secondo il Metodo Stecco \u00e8 una metodica di valutazione e terapia manuale per disfunzioni muscolo-scheletriche. Il focus di questo particolare e innovativo trattamento \u00e8 la fascia corporis, una matrice che avvolge e connette tra loro tutte le nostre strutture corporee, muscolo-scheletriche e viscerali. Il trattamento diretto della fascia consente un intervento significativo e duraturo, direttamente sulla causa scatenante, spesso in aree distanti dalla sede del dolore percepito dal paziente.<\/p>\n<\/div>\n<\/div><\/div><\/div><\/div><div id=\"pg-7997-4\"  class=\"panel-grid panel-no-style\" ><div id=\"pgc-7997-4-0\"  class=\"panel-grid-cell\" ><div id=\"panel-7997-4-0-0\" class=\"so-panel widget widget_sow-editor panel-first-child panel-last-child\" data-index=\"8\" ><div\n\t\t\t\n\t\t\tclass=\"so-widget-sow-editor so-widget-sow-editor-base\"\n\t\t\t\n\t\t>\n<div class=\"siteorigin-widget-tinymce textwidget\">\n\t<p><img loading=\"lazy\" decoding=\"async\" class=\"alignnone size-full wp-image-135226\" src=\"https:\/\/studiomedicobiancardi.com\/wp-content\/uploads\/2024\/10\/meso.png\" alt=\"\" width=\"512\" height=\"341\" srcset=\"https:\/\/studiomedicobiancardi.com\/wp-content\/uploads\/2024\/10\/meso.png 512w, https:\/\/studiomedicobiancardi.com\/wp-content\/uploads\/2024\/10\/meso-300x200.png 300w, https:\/\/studiomedicobiancardi.com\/wp-content\/uploads\/2024\/10\/meso-360x240.png 360w, https:\/\/studiomedicobiancardi.com\/wp-content\/uploads\/2024\/10\/meso-272x182.png 272w\" sizes=\"(max-width: 512px) 100vw, 512px\" \/><\/p>\n<\/div>\n<\/div><\/div><\/div><div id=\"pgc-7997-4-1\"  class=\"panel-grid-cell\" ><div id=\"panel-7997-4-1-0\" class=\"so-panel widget widget_sow-editor panel-first-child panel-last-child\" data-index=\"9\" ><div\n\t\t\t\n\t\t\tclass=\"so-widget-sow-editor so-widget-sow-editor-base\"\n\t\t\t\n\t\t>\n<div class=\"siteorigin-widget-tinymce textwidget\">\n\t<p><span style=\"color: #56afd5; font-size: 15px;\"><strong><a name=\"mesoterapia\"><\/a>MESOTERAPIA<\/strong><\/span><\/p>\n<p style=\"text-align: justify;\">La mesoterapia \u00e8 un trattamento antalgico, cio\u00e8 finalizzato alla rimozione del dolore, che prevede la somministrazione di farmaci per via intradermica. Consiste in una serie di iniezioni sottocutanee multiple, attraverso aghi sottili e molto corti in corrispondenza delle zone del corpo affette da dolore e limitazione del movimento. Viene indicata per il trattamento di contratture muscolari dolorose di origine infiammatoria o artrosico-degenerativa, di tendinopatie, o traumi contusivi-distorsivi.<\/p>\n<\/div>\n<\/div><\/div><\/div><\/div><\/div>","protected":false},"excerpt":{"rendered":"<p>Una vasta gamma di esercizi per conservare il tono muscolare e mantenere la naturale elasticit\u00e0 del corpo. Per tornare a svolgere&#8230;<\/p>\n","protected":false},"author":1,"featured_media":7890,"parent":110,"menu_order":0,"comment_status":"closed","ping_status":"closed","template":"","meta":{"footnotes":""},"yoast_head":"<!-- This site is optimized with the Yoast SEO plugin v21.7 - https:\/\/yoast.com\/wordpress\/plugins\/seo\/ -->\n<title>Trattamenti Medici - Studio Medico Biancardi<\/title>\n<meta name=\"robots\" content=\"index, follow, max-snippet:-1, max-image-preview:large, max-video-preview:-1\" \/>\n<link rel=\"canonical\" href=\"https:\/\/studiomedicobiancardi.com\/it\/servizi\/trattamenti-medici\/\" \/>\n<meta property=\"og:locale\" content=\"it_IT\" \/>\n<meta property=\"og:type\" content=\"article\" \/>\n<meta property=\"og:title\" content=\"Trattamenti Medici - Studio Medico Biancardi\" \/>\n<meta property=\"og:description\" content=\"Una vasta gamma di esercizi per conservare il tono muscolare e mantenere la naturale elasticit\u00e0 del corpo. Per tornare a svolgere...\" \/>\n<meta property=\"og:url\" content=\"https:\/\/studiomedicobiancardi.com\/it\/servizi\/trattamenti-medici\/\" \/>\n<meta property=\"og:site_name\" content=\"Studio Medico Biancardi\" \/>\n<meta property=\"article:modified_time\" content=\"2024-10-28T13:31:13+00:00\" \/>\n<meta property=\"og:image\" content=\"https:\/\/studiomedicobiancardi.com\/wp-content\/uploads\/2019\/06\/linfodrenaggio.jpg\" \/>\n\t<meta property=\"og:image:width\" content=\"850\" \/>\n\t<meta property=\"og:image:height\" content=\"567\" \/>\n\t<meta property=\"og:image:type\" content=\"image\/jpeg\" \/>\n<meta name=\"twitter:card\" content=\"summary_large_image\" \/>\n<meta name=\"twitter:label1\" content=\"Tempo di lettura stimato\" \/>\n\t<meta name=\"twitter:data1\" content=\"4 minuti\" \/>\n<script type=\"application\/ld+json\" class=\"yoast-schema-graph\">{\"@context\":\"https:\/\/schema.org\",\"@graph\":[{\"@type\":\"WebPage\",\"@id\":\"https:\/\/studiomedicobiancardi.com\/it\/servizi\/trattamenti-medici\/\",\"url\":\"https:\/\/studiomedicobiancardi.com\/it\/servizi\/trattamenti-medici\/\",\"name\":\"Trattamenti Medici - Studio Medico Biancardi\",\"isPartOf\":{\"@id\":\"https:\/\/studiomedicobiancardi.com\/it\/#website\"},\"datePublished\":\"2019-08-05T20:39:53+00:00\",\"dateModified\":\"2024-10-28T13:31:13+00:00\",\"breadcrumb\":{\"@id\":\"https:\/\/studiomedicobiancardi.com\/it\/servizi\/trattamenti-medici\/#breadcrumb\"},\"inLanguage\":\"it-IT\",\"potentialAction\":[{\"@type\":\"ReadAction\",\"target\":[\"https:\/\/studiomedicobiancardi.com\/it\/servizi\/trattamenti-medici\/\"]}]},{\"@type\":\"BreadcrumbList\",\"@id\":\"https:\/\/studiomedicobiancardi.com\/it\/servizi\/trattamenti-medici\/#breadcrumb\",\"itemListElement\":[{\"@type\":\"ListItem\",\"position\":1,\"name\":\"Home\",\"item\":\"https:\/\/studiomedicobiancardi.com\/it\/\"},{\"@type\":\"ListItem\",\"position\":2,\"name\":\"Servizi\",\"item\":\"https:\/\/studiomedicobiancardi.com\/it\/servizi\/\"},{\"@type\":\"ListItem\",\"position\":3,\"name\":\"Trattamenti Medici\"}]},{\"@type\":\"WebSite\",\"@id\":\"https:\/\/studiomedicobiancardi.com\/it\/#website\",\"url\":\"https:\/\/studiomedicobiancardi.com\/it\/\",\"name\":\"Studio Medico Biancardi\",\"description\":\"Trattamenti di fisioterapia\",\"potentialAction\":[{\"@type\":\"SearchAction\",\"target\":{\"@type\":\"EntryPoint\",\"urlTemplate\":\"https:\/\/studiomedicobiancardi.com\/it\/?s={search_term_string}\"},\"query-input\":\"required name=search_term_string\"}],\"inLanguage\":\"it-IT\"}]}<\/script>\n<!-- \/ Yoast SEO plugin. -->","yoast_head_json":{"title":"Trattamenti Medici - Studio Medico Biancardi","robots":{"index":"index","follow":"follow","max-snippet":"max-snippet:-1","max-image-preview":"max-image-preview:large","max-video-preview":"max-video-preview:-1"},"canonical":"https:\/\/studiomedicobiancardi.com\/it\/servizi\/trattamenti-medici\/","og_locale":"it_IT","og_type":"article","og_title":"Trattamenti Medici - Studio Medico Biancardi","og_description":"Una vasta gamma di esercizi per conservare il tono muscolare e mantenere la naturale elasticit\u00e0 del corpo. Per tornare a svolgere...","og_url":"https:\/\/studiomedicobiancardi.com\/it\/servizi\/trattamenti-medici\/","og_site_name":"Studio Medico Biancardi","article_modified_time":"2024-10-28T13:31:13+00:00","og_image":[{"width":850,"height":567,"url":"https:\/\/studiomedicobiancardi.com\/wp-content\/uploads\/2019\/06\/linfodrenaggio.jpg","type":"image\/jpeg"}],"twitter_card":"summary_large_image","twitter_misc":{"Tempo di lettura stimato":"4 minuti"},"schema":{"@context":"https:\/\/schema.org","@graph":[{"@type":"WebPage","@id":"https:\/\/studiomedicobiancardi.com\/it\/servizi\/trattamenti-medici\/","url":"https:\/\/studiomedicobiancardi.com\/it\/servizi\/trattamenti-medici\/","name":"Trattamenti Medici - Studio Medico Biancardi","isPartOf":{"@id":"https:\/\/studiomedicobiancardi.com\/it\/#website"},"datePublished":"2019-08-05T20:39:53+00:00","dateModified":"2024-10-28T13:31:13+00:00","breadcrumb":{"@id":"https:\/\/studiomedicobiancardi.com\/it\/servizi\/trattamenti-medici\/#breadcrumb"},"inLanguage":"it-IT","potentialAction":[{"@type":"ReadAction","target":["https:\/\/studiomedicobiancardi.com\/it\/servizi\/trattamenti-medici\/"]}]},{"@type":"BreadcrumbList","@id":"https:\/\/studiomedicobiancardi.com\/it\/servizi\/trattamenti-medici\/#breadcrumb","itemListElement":[{"@type":"ListItem","position":1,"name":"Home","item":"https:\/\/studiomedicobiancardi.com\/it\/"},{"@type":"ListItem","position":2,"name":"Servizi","item":"https:\/\/studiomedicobiancardi.com\/it\/servizi\/"},{"@type":"ListItem","position":3,"name":"Trattamenti Medici"}]},{"@type":"WebSite","@id":"https:\/\/studiomedicobiancardi.com\/it\/#website","url":"https:\/\/studiomedicobiancardi.com\/it\/","name":"Studio Medico Biancardi","description":"Trattamenti di fisioterapia","potentialAction":[{"@type":"SearchAction","target":{"@type":"EntryPoint","urlTemplate":"https:\/\/studiomedicobiancardi.com\/it\/?s={search_term_string}"},"query-input":"required name=search_term_string"}],"inLanguage":"it-IT"}]}},"_links":{"self":[{"href":"https:\/\/studiomedicobiancardi.com\/it\/wp-json\/wp\/v2\/pages\/7997"}],"collection":[{"href":"https:\/\/studiomedicobiancardi.com\/it\/wp-json\/wp\/v2\/pages"}],"about":[{"href":"https:\/\/studiomedicobiancardi.com\/it\/wp-json\/wp\/v2\/types\/page"}],"author":[{"embeddable":true,"href":"https:\/\/studiomedicobiancardi.com\/it\/wp-json\/wp\/v2\/users\/1"}],"replies":[{"embeddable":true,"href":"https:\/\/studiomedicobiancardi.com\/it\/wp-json\/wp\/v2\/comments?post=7997"}],"version-history":[{"count":12,"href":"https:\/\/studiomedicobiancardi.com\/it\/wp-json\/wp\/v2\/pages\/7997\/revisions"}],"predecessor-version":[{"id":135854,"href":"https:\/\/studiomedicobiancardi.com\/it\/wp-json\/wp\/v2\/pages\/7997\/revisions\/135854"}],"up":[{"embeddable":true,"href":"https:\/\/studiomedicobiancardi.com\/it\/wp-json\/wp\/v2\/pages\/110"}],"wp:featuredmedia":[{"embeddable":true,"href":"https:\/\/studiomedicobiancardi.com\/it\/wp-json\/wp\/v2\/media\/7890"}],"wp:attachment":[{"href":"https:\/\/studiomedicobiancardi.com\/it\/wp-json\/wp\/v2\/media?parent=7997"}],"curies":[{"name":"wp","href":"https:\/\/api.w.org\/{rel}","templated":true}]}}