{"id":8378,"date":"2022-04-16T09:13:01","date_gmt":"2022-04-16T07:13:01","guid":{"rendered":"https:\/\/studiomedicobiancardi.com\/gradimento-copy\/"},"modified":"2026-03-13T09:43:37","modified_gmt":"2026-03-13T08:43:37","slug":"trasparenza","status":"publish","type":"page","link":"https:\/\/studiomedicobiancardi.com\/it\/trasparenza\/","title":{"rendered":"Trasparenza"},"content":{"rendered":"<p>La Direzione esegue regolarmente, nel corso dell\u2019anno, specifiche verifiche interne per assicurare che il servizio offerto sia in linea con le politiche della qualit\u00e0 aziendali. Nel 2025 tali verifiche hanno sempre dato un esito positivo: non sono state aperte non conformit\u00e0, n\u00e9 si \u00e8 ritenuto di dover procedere con azioni correttive.<\/p>\n<p>Non si sono verificati incidenti o infortuni sul lavoro..<\/p>\n<p>Nel corso dell\u2019anno 2025 non sono stati presentati reclami da parte degli utenti della struttura.. Il totale dei reclami nel triennio 2023-25 \u00e8 3.<\/p>\n<p>Nel corso dell\u2019anno 2025 non sono stati segnalati episodi\u00a0di effetti collaterali legati ai trattamenti svolti. I trattamenti svolti sono stati oltre\u00a0<strong>40.000<\/strong>\u00a0(quarantamila). Il totale degli effetti collaterali riscontrati nel triennio 2023-25 \u00e8 0.<\/p>\n<p>Nel quinquennio 2021-25 non \u00e8 pervenuta alla Struttura alcuna richiesta di risarcimento, per quanto riguarda le fattispecie previste dall\u2019art. 7 del D. Lgs. 232\/2023.<\/p>\n<p>Assicuriamo ai pazienti la possibilit\u00e0 di esprimere in modo anonimo un giudizio sulla qualit\u00e0 del servizio ricevuto: per i risultati dei questionari di gradimento si veda l\u2019apposita sezione di questo sito. Garantiamo altres\u00ec la possibilit\u00e0 di proporre suggerimenti; dove possibile, abbiamo cercato di venire incontro alle esigenze di tutti.<\/p>\n","protected":false},"excerpt":{"rendered":"<p>La Direzione esegue regolarmente, nel corso dell\u2019anno, specifiche verifiche interne per assicurare che il servizio offerto sia in linea con le politiche della qualit\u00e0 aziendali. Nel 2025 tali verifiche hanno sempre dato un esito positivo: non sono state aperte non conformit\u00e0, n\u00e9 si \u00e8 ritenuto di dover procedere con azioni correttive. Non si sono verificati [&hellip;]<\/p>\n","protected":false},"author":1,"featured_media":0,"parent":0,"menu_order":0,"comment_status":"closed","ping_status":"closed","template":"","meta":{"footnotes":""},"yoast_head":"<!-- This site is optimized with the Yoast SEO plugin v21.7 - https:\/\/yoast.com\/wordpress\/plugins\/seo\/ -->\n<title>Centro di fioterapia a Verona | Gradimento oltre il 95%<\/title>\n<meta name=\"description\" content=\"Il Sistema Qualit\u00e0 in vigore presso la Struttura prevede il monitoraggio sistematico del gradimento dei nostri utenti. Qui i dati relativi all\u2019anno 2018.\" \/>\n<meta name=\"robots\" content=\"index, follow, max-snippet:-1, max-image-preview:large, max-video-preview:-1\" \/>\n<link rel=\"canonical\" href=\"https:\/\/studiomedicobiancardi.com\/it\/trasparenza\/\" \/>\n<meta property=\"og:locale\" content=\"it_IT\" \/>\n<meta property=\"og:type\" content=\"article\" \/>\n<meta property=\"og:title\" content=\"Centro di fioterapia a Verona | Gradimento oltre il 95%\" \/>\n<meta property=\"og:description\" content=\"Il Sistema Qualit\u00e0 in vigore presso la Struttura prevede il monitoraggio sistematico del gradimento dei nostri utenti. Qui i dati relativi all\u2019anno 2018.\" \/>\n<meta property=\"og:url\" content=\"https:\/\/studiomedicobiancardi.com\/it\/trasparenza\/\" \/>\n<meta property=\"og:site_name\" content=\"Studio Medico Biancardi\" \/>\n<meta property=\"article:modified_time\" content=\"2026-03-13T08:43:37+00:00\" \/>\n<meta name=\"twitter:card\" content=\"summary_large_image\" \/>\n<meta name=\"twitter:label1\" content=\"Tempo di lettura stimato\" \/>\n\t<meta name=\"twitter:data1\" content=\"2 minuti\" \/>\n<script type=\"application\/ld+json\" class=\"yoast-schema-graph\">{\"@context\":\"https:\/\/schema.org\",\"@graph\":[{\"@type\":\"WebPage\",\"@id\":\"https:\/\/studiomedicobiancardi.com\/it\/trasparenza\/\",\"url\":\"https:\/\/studiomedicobiancardi.com\/it\/trasparenza\/\",\"name\":\"Centro di fioterapia a Verona | Gradimento oltre il 95%\",\"isPartOf\":{\"@id\":\"https:\/\/studiomedicobiancardi.com\/it\/#website\"},\"datePublished\":\"2022-04-16T07:13:01+00:00\",\"dateModified\":\"2026-03-13T08:43:37+00:00\",\"description\":\"Il Sistema Qualit\u00e0 in vigore presso la Struttura prevede il monitoraggio sistematico del gradimento dei nostri utenti. Qui i dati relativi all\u2019anno 2018.\",\"breadcrumb\":{\"@id\":\"https:\/\/studiomedicobiancardi.com\/it\/trasparenza\/#breadcrumb\"},\"inLanguage\":\"it-IT\",\"potentialAction\":[{\"@type\":\"ReadAction\",\"target\":[\"https:\/\/studiomedicobiancardi.com\/it\/trasparenza\/\"]}]},{\"@type\":\"BreadcrumbList\",\"@id\":\"https:\/\/studiomedicobiancardi.com\/it\/trasparenza\/#breadcrumb\",\"itemListElement\":[{\"@type\":\"ListItem\",\"position\":1,\"name\":\"Home\",\"item\":\"https:\/\/studiomedicobiancardi.com\/it\/\"},{\"@type\":\"ListItem\",\"position\":2,\"name\":\"Trasparenza\"}]},{\"@type\":\"WebSite\",\"@id\":\"https:\/\/studiomedicobiancardi.com\/it\/#website\",\"url\":\"https:\/\/studiomedicobiancardi.com\/it\/\",\"name\":\"Studio Medico Biancardi\",\"description\":\"Trattamenti di fisioterapia\",\"potentialAction\":[{\"@type\":\"SearchAction\",\"target\":{\"@type\":\"EntryPoint\",\"urlTemplate\":\"https:\/\/studiomedicobiancardi.com\/it\/?s={search_term_string}\"},\"query-input\":\"required name=search_term_string\"}],\"inLanguage\":\"it-IT\"}]}<\/script>\n<!-- \/ Yoast SEO plugin. -->","yoast_head_json":{"title":"Centro di fioterapia a Verona | Gradimento oltre il 95%","description":"Il Sistema Qualit\u00e0 in vigore presso la Struttura prevede il monitoraggio sistematico del gradimento dei nostri utenti. Qui i dati relativi all\u2019anno 2018.","robots":{"index":"index","follow":"follow","max-snippet":"max-snippet:-1","max-image-preview":"max-image-preview:large","max-video-preview":"max-video-preview:-1"},"canonical":"https:\/\/studiomedicobiancardi.com\/it\/trasparenza\/","og_locale":"it_IT","og_type":"article","og_title":"Centro di fioterapia a Verona | Gradimento oltre il 95%","og_description":"Il Sistema Qualit\u00e0 in vigore presso la Struttura prevede il monitoraggio sistematico del gradimento dei nostri utenti. Qui i dati relativi all\u2019anno 2018.","og_url":"https:\/\/studiomedicobiancardi.com\/it\/trasparenza\/","og_site_name":"Studio Medico Biancardi","article_modified_time":"2026-03-13T08:43:37+00:00","twitter_card":"summary_large_image","twitter_misc":{"Tempo di lettura stimato":"2 minuti"},"schema":{"@context":"https:\/\/schema.org","@graph":[{"@type":"WebPage","@id":"https:\/\/studiomedicobiancardi.com\/it\/trasparenza\/","url":"https:\/\/studiomedicobiancardi.com\/it\/trasparenza\/","name":"Centro di fioterapia a Verona | Gradimento oltre il 95%","isPartOf":{"@id":"https:\/\/studiomedicobiancardi.com\/it\/#website"},"datePublished":"2022-04-16T07:13:01+00:00","dateModified":"2026-03-13T08:43:37+00:00","description":"Il Sistema Qualit\u00e0 in vigore presso la Struttura prevede il monitoraggio sistematico del gradimento dei nostri utenti. Qui i dati relativi all\u2019anno 2018.","breadcrumb":{"@id":"https:\/\/studiomedicobiancardi.com\/it\/trasparenza\/#breadcrumb"},"inLanguage":"it-IT","potentialAction":[{"@type":"ReadAction","target":["https:\/\/studiomedicobiancardi.com\/it\/trasparenza\/"]}]},{"@type":"BreadcrumbList","@id":"https:\/\/studiomedicobiancardi.com\/it\/trasparenza\/#breadcrumb","itemListElement":[{"@type":"ListItem","position":1,"name":"Home","item":"https:\/\/studiomedicobiancardi.com\/it\/"},{"@type":"ListItem","position":2,"name":"Trasparenza"}]},{"@type":"WebSite","@id":"https:\/\/studiomedicobiancardi.com\/it\/#website","url":"https:\/\/studiomedicobiancardi.com\/it\/","name":"Studio Medico Biancardi","description":"Trattamenti di fisioterapia","potentialAction":[{"@type":"SearchAction","target":{"@type":"EntryPoint","urlTemplate":"https:\/\/studiomedicobiancardi.com\/it\/?s={search_term_string}"},"query-input":"required name=search_term_string"}],"inLanguage":"it-IT"}]}},"_links":{"self":[{"href":"https:\/\/studiomedicobiancardi.com\/it\/wp-json\/wp\/v2\/pages\/8378"}],"collection":[{"href":"https:\/\/studiomedicobiancardi.com\/it\/wp-json\/wp\/v2\/pages"}],"about":[{"href":"https:\/\/studiomedicobiancardi.com\/it\/wp-json\/wp\/v2\/types\/page"}],"author":[{"embeddable":true,"href":"https:\/\/studiomedicobiancardi.com\/it\/wp-json\/wp\/v2\/users\/1"}],"replies":[{"embeddable":true,"href":"https:\/\/studiomedicobiancardi.com\/it\/wp-json\/wp\/v2\/comments?post=8378"}],"version-history":[{"count":4,"href":"https:\/\/studiomedicobiancardi.com\/it\/wp-json\/wp\/v2\/pages\/8378\/revisions"}],"predecessor-version":[{"id":217410,"href":"https:\/\/studiomedicobiancardi.com\/it\/wp-json\/wp\/v2\/pages\/8378\/revisions\/217410"}],"wp:attachment":[{"href":"https:\/\/studiomedicobiancardi.com\/it\/wp-json\/wp\/v2\/media?parent=8378"}],"curies":[{"name":"wp","href":"https:\/\/api.w.org\/{rel}","templated":true}]}}